{"id":617,"date":"2024-09-04T16:21:40","date_gmt":"2024-09-04T10:51:40","guid":{"rendered":"https:\/\/baiyokeskyhotel.com\/?page_id=617"},"modified":"2024-10-18T22:28:14","modified_gmt":"2024-10-18T16:58:14","slug":"company-details","status":"publish","type":"page","link":"https:\/\/baiyokeskyhotel.com\/vi\/chi-tiet-cong-ty\/","title":{"rendered":"Chi ti\u1ebft c\u00f4ng ty"},"content":{"rendered":"<div data-elementor-type=\"wp-page\" data-elementor-id=\"617\" class=\"elementor elementor-617\" data-elementor-post-type=\"page\">\n\t\t\t\t\t\t<section data-particle_enable=\"false\" data-particle-mobile-disabled=\"false\" class=\"elementor-section elementor-top-section elementor-element elementor-element-6dd89b5 elementor-section-boxed elementor-section-height-default elementor-section-height-default\" data-id=\"6dd89b5\" data-element_type=\"section\" data-e-type=\"section\">\n\t\t\t\t\t\t<div class=\"elementor-container elementor-column-gap-default\">\n\t\t\t\t\t<div class=\"elementor-column elementor-col-100 elementor-top-column elementor-element elementor-element-7c65b0e\" data-id=\"7c65b0e\" data-element_type=\"column\" data-e-type=\"column\">\n\t\t\t<div class=\"elementor-widget-wrap elementor-element-populated\">\n\t\t\t\t\t\t<div class=\"elementor-element elementor-element-56e7ef9 elementor-widget elementor-widget-text-editor\" data-id=\"56e7ef9\" data-element_type=\"widget\" data-e-type=\"widget\" data-widget_type=\"text-editor.default\">\n\t\t\t\t<div class=\"elementor-widget-container\">\n\t\t\t\t\t\t\t\t\t<h1 style=\"text-align: center;\"><span style=\"color: #000000;\">Chi ti\u1ebft c\u00f4ng ty<\/span><\/h1><p><span style=\"color: #000000;\">Ch\u00e0o m\u1eebng \u0111\u1ebfn v\u1edbi Baiyoke Sky Hotel, \u0111\u1ed1i t\u00e1c \u0111\u00e1ng tin c\u1eady c\u1ee7a b\u1ea1n trong vi\u1ec7c cung c\u1ea5p tr\u1ea3i nghi\u1ec7m \u1ea9m th\u1ef1c kh\u00f3 qu\u00ean t\u1ea1i m\u1ed9t trong nh\u1eefng \u0111i\u1ec3m \u0111\u1ebfn mang t\u00ednh bi\u1ec3u t\u01b0\u1ee3ng nh\u1ea5t c\u1ee7a Bangkok. \u0110\u01b0\u1ee3c \u0111i\u1ec1u h\u00e0nh b\u1edfi Triplyn Holidays, ch\u00fang t\u00f4i \u0111\u1ea3m b\u1ea3o m\u1ecdi kh\u00e1ch h\u00e0ng \u0111\u1ec1u \u0111\u01b0\u1ee3c t\u1eadn h\u01b0\u1edfng quy tr\u00ecnh \u0111\u1eb7t ph\u00f2ng li\u1ec1n m\u1ea1ch v\u00e0 \u0111\u00e1ng nh\u1edb cho <a href=\"https:\/\/baiyokeskyhotel.com\/vi\/\">Nh\u00e0 h\u00e0ng buffet Baiyoke Sky<\/a> V\u00e9 c\u00f3 \u0111\u1ea7y \u0111\u1ee7 c\u00e1c \u01b0u \u0111\u00e3i \u0111\u1ed9c quy\u1ec1n v\u00e0 d\u1ecbch v\u1ee5 \u0111\u1eb7c bi\u1ec7t.<\/span><\/p><h2><span style=\"color: #000000;\">Gi\u1edbi thi\u1ec7u v\u1ec1 ch\u00fang t\u00f4i<\/span><\/h2><p><span style=\"color: #000000;\">Triplyn Holidays l\u00e0 c\u00f4ng ty l\u1eef h\u00e0nh v\u00e0 du l\u1ecbch h\u00e0ng \u0111\u1ea7u chuy\u00ean cung c\u1ea5p c\u00e1c d\u1ecbch v\u1ee5 tuy\u1ec7t v\u1eddi cho du kh\u00e1ch tr\u00ean to\u00e0n c\u1ea7u. Chuy\u00ean \u0111\u1eb7t v\u00e9 cho c\u00e1c \u0111i\u1ec3m tham quan n\u1ed5i ti\u1ebfng nh\u01b0 Baiyoke Sky Buffet, s\u1ee9 m\u1ec7nh c\u1ee7a ch\u00fang t\u00f4i l\u00e0 cung c\u1ea5p c\u00e1c \u01b0u \u0111\u00e3i t\u1ed1t nh\u1ea5t, \u0111\u1eb7t v\u00e9 d\u1ec5 d\u00e0ng v\u00e0 h\u1ed7 tr\u1ee3 kh\u00e1ch h\u00e0ng \u0111\u1eb7c bi\u1ec7t. Ch\u00fang t\u00f4i n\u1ed7 l\u1ef1c t\u1ea1o ra nh\u1eefng tr\u1ea3i nghi\u1ec7m \u0111\u00e1ng nh\u1edb cho kh\u00e1ch h\u00e0ng, gi\u00fap b\u1ea1n d\u1ec5 d\u00e0ng v\u00e0 gi\u00e1 c\u1ea3 ph\u1ea3i ch\u0103ng \u0111\u1ec3 th\u01b0\u1edfng th\u1ee9c c\u00e1c m\u00f3n \u0103n \u0111a d\u1ea1ng t\u1ea1i <a href=\"https:\/\/baiyokeskyhotel.com\/vi\/\">Kh\u00e1ch s\u1ea1n Baiyoke Sky<\/a>.<\/span><\/p><h2><span style=\"color: #000000;\">Th\u00f4ng tin c\u00f4ng ty<\/span><\/h2><ul><li><span style=\"color: #000000;\"><strong>T\u00ean c\u00f4ng ty:<\/strong> K\u1ef3 ngh\u1ec9 Triplyn<\/span><\/li><li><span style=\"color: #000000;\"><strong>\u0110\u1ecba ch\u1ec9 \u0111\u00e3 \u0111\u0103ng k\u00fd:<\/strong> A-54, Khu c\u00f4ng nghi\u1ec7p Keshopur, Vikaspuri, New Delhi 110018, \u1ea4n \u0110\u1ed9<\/span><\/li><li><span style=\"color: #000000;\"><strong>E-mail:<\/strong> <a style=\"color: #000000;\" href=\"mailto:contact@baiyokeskyhotel.com\" rel=\"noopener\">contact@baiyokeskyhotel.com<\/a><\/span><\/li><\/ul><p><span style=\"color: #000000;\">Cam k\u1ebft c\u1ee7a ch\u00fang t\u00f4i v\u1ec1 t\u00ednh minh b\u1ea1ch v\u00e0 s\u1ef1 h\u00e0i l\u00f2ng c\u1ee7a kh\u00e1ch h\u00e0ng l\u00e0 tr\u1ecdng t\u00e2m trong ho\u1ea1t \u0111\u1ed9ng c\u1ee7a ch\u00fang t\u00f4i. N\u1ebfu c\u00f3 b\u1ea5t k\u1ef3 c\u00e2u h\u1ecfi n\u00e0o li\u00ean quan \u0111\u1ebfn vi\u1ec7c \u0111\u1eb7t ch\u1ed7 Baiyoke Sky Buffet, vui l\u00f2ng li\u00ean h\u1ec7 v\u1edbi ch\u00fang t\u00f4i qua email.<\/span><\/p><h2><span style=\"color: #000000;\">Li\u00ean h\u1ec7 v\u1edbi ch\u00fang t\u00f4i<\/span><\/h2><p><span style=\"color: #000000;\">\u0110\u1ec3 \u0111\u01b0\u1ee3c gi\u1ea3i \u0111\u00e1p th\u1eafc m\u1eafc ho\u1eb7c h\u1ed7 tr\u1ee3 li\u00ean quan \u0111\u1ebfn chuy\u1ebfn th\u0103m c\u1ee7a b\u1ea1n \u0111\u1ebfn Baiyoke Sky Hotel v\u00e0 tr\u1ea3i nghi\u1ec7m ti\u1ec7c buffet, vui l\u00f2ng li\u00ean h\u1ec7:<\/span><\/p><ul><li><span style=\"color: #000000;\"><strong>E-mail:<\/strong> <a style=\"color: #000000;\" href=\"mailto:contact@baiyokeskyhotel.com\" rel=\"noopener\">contact@baiyokeskyhotel.com<\/a><\/span><\/li><li><span style=\"color: #000000;\"><strong>\u0110\u1ecba ch\u1ec9:<\/strong> A-54, Khu c\u00f4ng nghi\u1ec7p Keshopur, Vikaspuri, New Delhi 110018, \u1ea4n \u0110\u1ed9<\/span><\/li><\/ul><p><span style=\"color: #000000;\">Ch\u00fang t\u00f4i c\u1ed1 g\u1eafng tr\u1ea3 l\u1eddi m\u1ecdi th\u1eafc m\u1eafc trong v\u00f2ng 24 gi\u1edd, \u0111\u1ea3m b\u1ea3o tr\u1ea3i nghi\u1ec7m c\u1ee7a b\u1ea1n di\u1ec5n ra su\u00f4n s\u1ebb v\u00e0 th\u00fa v\u1ecb.<\/span><\/p><h2><span style=\"color: #000000;\">T\u1ea1i sao ch\u1ecdn ch\u00fang t\u00f4i?<\/span><\/h2><ul><li><p><span style=\"color: #000000;\"><strong>Chuy\u00ean m\u00f4n \u0111\u00e1ng tin c\u1eady:<\/strong> V\u1edbi kinh nghi\u1ec7m d\u00e0y d\u1eb7n trong ng\u00e0nh du l\u1ecbch v\u00e0 l\u1eef h\u00e0nh, Triplyn Holidays cam k\u1ebft cung c\u1ea5p d\u1ecbch v\u1ee5 tuy\u1ec7t v\u1eddi v\u1edbi gi\u00e1 c\u1ea3 minh b\u1ea1ch.<\/span><\/p><\/li><li><p><span style=\"color: #000000;\"><strong>H\u1ed7 tr\u1ee3 kh\u00e1ch h\u00e0ng:<\/strong> \u0110\u1ed9i ng\u0169 t\u1eadn t\u00e2m c\u1ee7a ch\u00fang t\u00f4i lu\u00f4n s\u1eb5n s\u00e0ng h\u1ed7 tr\u1ee3 b\u1ea1n, \u0111\u1ea3m b\u1ea3o tr\u1ea3i nghi\u1ec7m \u0111\u1eb7t ph\u00f2ng su\u00f4n s\u1ebb v\u00e0 gi\u1ea3i quy\u1ebft m\u1ecdi th\u1eafc m\u1eafc c\u1ee7a b\u1ea1n.<\/span><\/p><\/li><li><p><span style=\"color: #000000;\"><strong>\u01afu \u0111\u00e3i \u0111\u1ed9c quy\u1ec1n:<\/strong> T\u1eadn h\u01b0\u1edfng c\u00e1c \u01b0u \u0111\u00e3i v\u00e0 g\u00f3i d\u1ecbch v\u1ee5 \u0111\u1ed9c \u0111\u00e1o t\u1ea1i Baiyoke Sky Buffet, cho ph\u00e9p b\u1ea1n th\u01b0\u1edfng th\u1ee9c nhi\u1ec1u m\u00f3n \u0103n ngon v\u1edbi gi\u00e1 c\u1ea3 c\u1ea1nh tranh.<\/span><\/p><\/li><\/ul><h2><span style=\"color: #000000;\">\u0110\u1eb7t ph\u00f2ng v\u1edbi ch\u00fang t\u00f4i<\/span><\/h2><p><span style=\"color: #000000;\">S\u1eb5n s\u00e0ng \u0111\u1ec3 \u0111\u1eafm m\u00ecnh v\u00e0o cu\u1ed9c phi\u00eau l\u01b0u \u1ea9m th\u1ef1c t\u1ea1i Baiyoke Sky Hotel? H\u00e3y gh\u00e9 th\u0103m <a style=\"color: #000000;\" href=\"#\" rel=\"noopener\">Trang \u0111\u1eb7t v\u00e9 Buffet Baiyoke Sky<\/a> \u0111\u1ec3 kh\u00e1m ph\u00e1 nh\u1eefng \u01b0u \u0111\u00e3i m\u1edbi nh\u1ea5t c\u1ee7a ch\u00fang t\u00f4i v\u00e0 gi\u1eef v\u00e9 cho b\u1ea1n.<\/span><\/p><p><span style=\"color: #000000;\"><a href=\"https:\/\/baiyokeskyhotel.com\/vi\/\">Nh\u1ea5p v\u00e0o \u0111\u00e2y \u0111\u1ec3 \u0111\u1eb7t v\u00e9 c\u1ee7a b\u1ea1n<\/a> v\u00e0 b\u1eaft \u0111\u1ea7u m\u1ed9t chuy\u1ebfn \u0111i th\u00fa v\u1ecb v\u1edbi nhi\u1ec1u m\u00f3n \u0103n \u0111\u1eb7c bi\u1ec7t, c\u1ea3nh \u0111\u1eb9p ngo\u1ea1n m\u1ee5c v\u00e0 nh\u1eefng k\u1ef7 ni\u1ec7m kh\u00f3 qu\u00ean!<\/span><\/p>\t\t\t\t\t\t\t\t<\/div>\n\t\t\t\t<\/div>\n\t\t\t\t\t<\/div>\n\t\t<\/div>\n\t\t\t\t\t<\/div>\n\t\t<\/section>\n\t\t\t\t<\/div>","protected":false},"excerpt":{"rendered":"<p>Company Details Welcome to Baiyoke Sky Hotel, your trusted partner in offering an unforgettable dining experience at one of Bangkok&#8217;s most iconic destinations. Operated by Triplyn Holidays, we ensure every guest enjoys a seamless and memorable booking process for Baiyoke Sky Buffet Tickets, complete with exclusive deals and exceptional service. About Us Triplyn Holidays is [&hellip;]<\/p>\n","protected":false},"author":1,"featured_media":0,"parent":0,"menu_order":0,"comment_status":"closed","ping_status":"closed","template":"","meta":{"ocean_post_layout":"","ocean_both_sidebars_style":"","ocean_both_sidebars_content_width":0,"ocean_both_sidebars_sidebars_width":0,"ocean_sidebar":"","ocean_second_sidebar":"","ocean_disable_margins":"enable","ocean_add_body_class":"","ocean_shortcode_before_top_bar":"","ocean_shortcode_after_top_bar":"","ocean_shortcode_before_header":"","ocean_shortcode_after_header":"","ocean_has_shortcode":"","ocean_shortcode_after_title":"","ocean_shortcode_before_footer_widgets":"","ocean_shortcode_after_footer_widgets":"","ocean_shortcode_before_footer_bottom":"","ocean_shortcode_after_footer_bottom":"","ocean_display_top_bar":"default","ocean_display_header":"default","ocean_header_style":"","ocean_center_header_left_menu":"","ocean_custom_header_template":"","ocean_custom_logo":0,"ocean_custom_retina_logo":0,"ocean_custom_logo_max_width":0,"ocean_custom_logo_tablet_max_width":0,"ocean_custom_logo_mobile_max_width":0,"ocean_custom_logo_max_height":0,"ocean_custom_logo_tablet_max_height":0,"ocean_custom_logo_mobile_max_height":0,"ocean_header_custom_menu":"","ocean_menu_typo_font_family":"","ocean_menu_typo_font_subset":"","ocean_menu_typo_font_size":0,"ocean_menu_typo_font_size_tablet":0,"ocean_menu_typo_font_size_mobile":0,"ocean_menu_typo_font_size_unit":"px","ocean_menu_typo_font_weight":"","ocean_menu_typo_font_weight_tablet":"","ocean_menu_typo_font_weight_mobile":"","ocean_menu_typo_transform":"","ocean_menu_typo_transform_tablet":"","ocean_menu_typo_transform_mobile":"","ocean_menu_typo_line_height":0,"ocean_menu_typo_line_height_tablet":0,"ocean_menu_typo_line_height_mobile":0,"ocean_menu_typo_line_height_unit":"","ocean_menu_typo_spacing":0,"ocean_menu_typo_spacing_tablet":0,"ocean_menu_typo_spacing_mobile":0,"ocean_menu_typo_spacing_unit":"","ocean_menu_link_color":"","ocean_menu_link_color_hover":"","ocean_menu_link_color_active":"","ocean_menu_link_background":"","ocean_menu_link_hover_background":"","ocean_menu_link_active_background":"","ocean_menu_social_links_bg":"","ocean_menu_social_hover_links_bg":"","ocean_menu_social_links_color":"","ocean_menu_social_hover_links_color":"","ocean_disable_title":"default","ocean_disable_heading":"default","ocean_post_title":"","ocean_post_subheading":"","ocean_post_title_style":"","ocean_post_title_background_color":"","ocean_post_title_background":0,"ocean_post_title_bg_image_position":"","ocean_post_title_bg_image_attachment":"","ocean_post_title_bg_image_repeat":"","ocean_post_title_bg_image_size":"","ocean_post_title_height":0,"ocean_post_title_bg_overlay":0.5,"ocean_post_title_bg_overlay_color":"","ocean_disable_breadcrumbs":"default","ocean_breadcrumbs_color":"","ocean_breadcrumbs_separator_color":"","ocean_breadcrumbs_links_color":"","ocean_breadcrumbs_links_hover_color":"","ocean_display_footer_widgets":"default","ocean_display_footer_bottom":"default","ocean_custom_footer_template":"","footnotes":""},"class_list":["post-617","page","type-page","status-publish","hentry","entry","owp-thumbs-layout-horizontal","owp-btn-normal","owp-tabs-layout-horizontal","has-no-thumbnails","has-product-nav"],"yoast_head":"<!-- This site is optimized with the Yoast SEO plugin v27.3 - https:\/\/yoast.com\/product\/yoast-seo-wordpress\/ -->\n<title>Baiyoke Sky Hotel: Tickets By Triplyn Holidays In Bangkok<\/title>\n<meta name=\"description\" content=\"Book Your Baiyoke Sky Hotel Tickets With Triplyn Holidays For An Unforgettable Experience In Bangkok. Secure Your Stay And Enjoy Deals!\" \/>\n<meta name=\"robots\" content=\"noindex, follow\" \/>\n<meta property=\"og:locale\" content=\"vi_VN\" \/>\n<meta property=\"og:type\" content=\"article\" \/>\n<meta property=\"og:title\" content=\"Baiyoke Sky Hotel: Tickets By Triplyn Holidays In Bangkok\" \/>\n<meta property=\"og:description\" content=\"Book Your Baiyoke Sky Hotel Tickets With Triplyn Holidays For An Unforgettable Experience In Bangkok. Secure Your Stay And Enjoy Deals!\" \/>\n<meta property=\"og:url\" content=\"https:\/\/baiyokeskyhotel.com\/vi\/chi-tiet-cong-ty\/\" \/>\n<meta property=\"og:site_name\" content=\"Baiyoke Sky Hotel\" \/>\n<meta property=\"article:modified_time\" content=\"2024-10-18T16:58:14+00:00\" \/>\n<meta name=\"twitter:card\" content=\"summary_large_image\" \/>\n<meta name=\"twitter:label1\" content=\"\u01af\u1edbc t\u00ednh th\u1eddi gian \u0111\u1ecdc\" \/>\n\t<meta name=\"twitter:data1\" content=\"2 ph\u00fat\" \/>\n<script type=\"application\/ld+json\" class=\"yoast-schema-graph\">{\"@context\":\"https:\\\/\\\/schema.org\",\"@graph\":[{\"@type\":\"WebPage\",\"@id\":\"https:\\\/\\\/baiyokeskyhotel.com\\\/company-details\\\/\",\"url\":\"https:\\\/\\\/baiyokeskyhotel.com\\\/company-details\\\/\",\"name\":\"Baiyoke Sky Hotel: Tickets By Triplyn Holidays In Bangkok\",\"isPartOf\":{\"@id\":\"https:\\\/\\\/baiyokeskyhotel.com\\\/#website\"},\"datePublished\":\"2024-09-04T10:51:40+00:00\",\"dateModified\":\"2024-10-18T16:58:14+00:00\",\"description\":\"Book Your Baiyoke Sky Hotel Tickets With Triplyn Holidays For An Unforgettable Experience In Bangkok. Secure Your Stay And Enjoy Deals!\",\"breadcrumb\":{\"@id\":\"https:\\\/\\\/baiyokeskyhotel.com\\\/company-details\\\/#breadcrumb\"},\"inLanguage\":\"vi\",\"potentialAction\":[{\"@type\":\"ReadAction\",\"target\":[\"https:\\\/\\\/baiyokeskyhotel.com\\\/company-details\\\/\"]}]},{\"@type\":\"BreadcrumbList\",\"@id\":\"https:\\\/\\\/baiyokeskyhotel.com\\\/company-details\\\/#breadcrumb\",\"itemListElement\":[{\"@type\":\"ListItem\",\"position\":1,\"name\":\"Home\",\"item\":\"https:\\\/\\\/baiyokeskyhotel.com\\\/\"},{\"@type\":\"ListItem\",\"position\":2,\"name\":\"Company Details\"}]},{\"@type\":\"WebSite\",\"@id\":\"https:\\\/\\\/baiyokeskyhotel.com\\\/#website\",\"url\":\"https:\\\/\\\/baiyokeskyhotel.com\\\/\",\"name\":\"Baiyoke Sky Hotel\",\"description\":\"\",\"publisher\":{\"@id\":\"https:\\\/\\\/baiyokeskyhotel.com\\\/#organization\"},\"potentialAction\":[{\"@type\":\"SearchAction\",\"target\":{\"@type\":\"EntryPoint\",\"urlTemplate\":\"https:\\\/\\\/baiyokeskyhotel.com\\\/?s={search_term_string}\"},\"query-input\":{\"@type\":\"PropertyValueSpecification\",\"valueRequired\":true,\"valueName\":\"search_term_string\"}}],\"inLanguage\":\"vi\"},{\"@type\":\"Organization\",\"@id\":\"https:\\\/\\\/baiyokeskyhotel.com\\\/#organization\",\"name\":\"Baiyoke Sky Hotel\",\"url\":\"https:\\\/\\\/baiyokeskyhotel.com\\\/\",\"logo\":{\"@type\":\"ImageObject\",\"inLanguage\":\"vi\",\"@id\":\"https:\\\/\\\/baiyokeskyhotel.com\\\/#\\\/schema\\\/logo\\\/image\\\/\",\"url\":\"https:\\\/\\\/baiyokeskyhotel.com\\\/wp-content\\\/uploads\\\/2024\\\/08\\\/Baiyoke-Sky-Hotel-1.png\",\"contentUrl\":\"https:\\\/\\\/baiyokeskyhotel.com\\\/wp-content\\\/uploads\\\/2024\\\/08\\\/Baiyoke-Sky-Hotel-1.png\",\"width\":350,\"height\":100,\"caption\":\"Baiyoke Sky Hotel\"},\"image\":{\"@id\":\"https:\\\/\\\/baiyokeskyhotel.com\\\/#\\\/schema\\\/logo\\\/image\\\/\"}}]}<\/script>\n<!-- \/ Yoast SEO plugin. -->","yoast_head_json":{"title":"Kh\u00e1ch s\u1ea1n Baiyoke Sky: V\u00e9 c\u1ee7a Triplyn Holidays t\u1ea1i Bangkok","description":"\u0110\u1eb7t v\u00e9 Baiyoke Sky Hotel v\u1edbi Triplyn Holidays \u0111\u1ec3 c\u00f3 tr\u1ea3i nghi\u1ec7m kh\u00f3 qu\u00ean t\u1ea1i Bangkok. \u0110\u1ea3m b\u1ea3o k\u1ef3 ngh\u1ec9 c\u1ee7a b\u1ea1n v\u00e0 t\u1eadn h\u01b0\u1edfng \u01b0u \u0111\u00e3i!","robots":{"index":"noindex","follow":"follow"},"og_locale":"vi_VN","og_type":"article","og_title":"Baiyoke Sky Hotel: Tickets By Triplyn Holidays In Bangkok","og_description":"Book Your Baiyoke Sky Hotel Tickets With Triplyn Holidays For An Unforgettable Experience In Bangkok. Secure Your Stay And Enjoy Deals!","og_url":"https:\/\/baiyokeskyhotel.com\/vi\/chi-tiet-cong-ty\/","og_site_name":"Baiyoke Sky Hotel","article_modified_time":"2024-10-18T16:58:14+00:00","twitter_card":"summary_large_image","twitter_misc":{"\u01af\u1edbc t\u00ednh th\u1eddi gian \u0111\u1ecdc":"2 ph\u00fat"},"schema":{"@context":"https:\/\/schema.org","@graph":[{"@type":"WebPage","@id":"https:\/\/baiyokeskyhotel.com\/company-details\/","url":"https:\/\/baiyokeskyhotel.com\/company-details\/","name":"Kh\u00e1ch s\u1ea1n Baiyoke Sky: V\u00e9 c\u1ee7a Triplyn Holidays t\u1ea1i Bangkok","isPartOf":{"@id":"https:\/\/baiyokeskyhotel.com\/#website"},"datePublished":"2024-09-04T10:51:40+00:00","dateModified":"2024-10-18T16:58:14+00:00","description":"\u0110\u1eb7t v\u00e9 Baiyoke Sky Hotel v\u1edbi Triplyn Holidays \u0111\u1ec3 c\u00f3 tr\u1ea3i nghi\u1ec7m kh\u00f3 qu\u00ean t\u1ea1i Bangkok. \u0110\u1ea3m b\u1ea3o k\u1ef3 ngh\u1ec9 c\u1ee7a b\u1ea1n v\u00e0 t\u1eadn h\u01b0\u1edfng \u01b0u \u0111\u00e3i!","breadcrumb":{"@id":"https:\/\/baiyokeskyhotel.com\/company-details\/#breadcrumb"},"inLanguage":"vi","potentialAction":[{"@type":"ReadAction","target":["https:\/\/baiyokeskyhotel.com\/company-details\/"]}]},{"@type":"BreadcrumbList","@id":"https:\/\/baiyokeskyhotel.com\/company-details\/#breadcrumb","itemListElement":[{"@type":"ListItem","position":1,"name":"Home","item":"https:\/\/baiyokeskyhotel.com\/"},{"@type":"ListItem","position":2,"name":"Company Details"}]},{"@type":"WebSite","@id":"https:\/\/baiyokeskyhotel.com\/#website","url":"https:\/\/baiyokeskyhotel.com\/","name":"Kh\u00e1ch s\u1ea1n Baiyoke Sky","description":"","publisher":{"@id":"https:\/\/baiyokeskyhotel.com\/#organization"},"potentialAction":[{"@type":"SearchAction","target":{"@type":"EntryPoint","urlTemplate":"https:\/\/baiyokeskyhotel.com\/?s={search_term_string}"},"query-input":{"@type":"PropertyValueSpecification","valueRequired":true,"valueName":"search_term_string"}}],"inLanguage":"vi"},{"@type":"Organization","@id":"https:\/\/baiyokeskyhotel.com\/#organization","name":"Kh\u00e1ch s\u1ea1n Baiyoke Sky","url":"https:\/\/baiyokeskyhotel.com\/","logo":{"@type":"ImageObject","inLanguage":"vi","@id":"https:\/\/baiyokeskyhotel.com\/#\/schema\/logo\/image\/","url":"https:\/\/baiyokeskyhotel.com\/wp-content\/uploads\/2024\/08\/Baiyoke-Sky-Hotel-1.png","contentUrl":"https:\/\/baiyokeskyhotel.com\/wp-content\/uploads\/2024\/08\/Baiyoke-Sky-Hotel-1.png","width":350,"height":100,"caption":"Baiyoke Sky Hotel"},"image":{"@id":"https:\/\/baiyokeskyhotel.com\/#\/schema\/logo\/image\/"}}]}},"jetpack_sharing_enabled":true,"_links":{"self":[{"href":"https:\/\/baiyokeskyhotel.com\/vi\/wp-json\/wp\/v2\/pages\/617","targetHints":{"allow":["GET"]}}],"collection":[{"href":"https:\/\/baiyokeskyhotel.com\/vi\/wp-json\/wp\/v2\/pages"}],"about":[{"href":"https:\/\/baiyokeskyhotel.com\/vi\/wp-json\/wp\/v2\/types\/page"}],"author":[{"embeddable":true,"href":"https:\/\/baiyokeskyhotel.com\/vi\/wp-json\/wp\/v2\/users\/1"}],"replies":[{"embeddable":true,"href":"https:\/\/baiyokeskyhotel.com\/vi\/wp-json\/wp\/v2\/comments?post=617"}],"version-history":[{"count":5,"href":"https:\/\/baiyokeskyhotel.com\/vi\/wp-json\/wp\/v2\/pages\/617\/revisions"}],"predecessor-version":[{"id":1337,"href":"https:\/\/baiyokeskyhotel.com\/vi\/wp-json\/wp\/v2\/pages\/617\/revisions\/1337"}],"wp:attachment":[{"href":"https:\/\/baiyokeskyhotel.com\/vi\/wp-json\/wp\/v2\/media?parent=617"}],"curies":[{"name":"wp","href":"https:\/\/api.w.org\/{rel}","templated":true}]}}