{"id":1350,"date":"2024-10-18T22:23:56","date_gmt":"2024-10-18T16:53:56","guid":{"rendered":"https:\/\/baiyokeskyhotel.com\/?page_id=1350"},"modified":"2025-05-19T12:06:06","modified_gmt":"2025-05-19T06:36:06","slug":"contact-us","status":"publish","type":"page","link":"https:\/\/baiyokeskyhotel.com\/vi\/lien-he-voi-chung-toi\/","title":{"rendered":"Li\u00ean h\u1ec7 v\u1edbi ch\u00fang t\u00f4i"},"content":{"rendered":"<div data-elementor-type=\"wp-page\" data-elementor-id=\"1350\" class=\"elementor elementor-1350\" data-elementor-post-type=\"page\">\n\t\t\t\t\t\t<section data-particle_enable=\"false\" data-particle-mobile-disabled=\"false\" class=\"elementor-section elementor-top-section elementor-element elementor-element-9234e60 elementor-section-boxed elementor-section-height-default elementor-section-height-default\" data-id=\"9234e60\" data-element_type=\"section\" data-e-type=\"section\">\n\t\t\t\t\t\t<div class=\"elementor-container elementor-column-gap-default\">\n\t\t\t\t\t<div class=\"elementor-column elementor-col-100 elementor-top-column elementor-element elementor-element-de77f00\" data-id=\"de77f00\" data-element_type=\"column\" data-e-type=\"column\">\n\t\t\t<div class=\"elementor-widget-wrap elementor-element-populated\">\n\t\t\t\t\t\t<div class=\"elementor-element elementor-element-44daa63 elementor-widget elementor-widget-text-editor\" data-id=\"44daa63\" data-element_type=\"widget\" data-e-type=\"widget\" data-widget_type=\"text-editor.default\">\n\t\t\t\t<div class=\"elementor-widget-container\">\n\t\t\t\t\t\t\t\t\t<h1 style=\"text-align: center;\"><span style=\"color: #000000;\">Li\u00ean h\u1ec7 v\u1edbi ch\u00fang t\u00f4i<\/span><\/h1><p><span style=\"color: #000000;\">T\u1ea1i Baiyoke Sky Hotel, ch\u00fang t\u00f4i cam k\u1ebft mang \u0111\u1ebfn cho b\u1ea1n tr\u1ea3i nghi\u1ec7m su\u00f4n s\u1ebb v\u00e0 \u0111\u00e1ng nh\u1edb khi gh\u00e9 th\u0103m. Cho d\u00f9 b\u1ea1n c\u00f3 th\u1eafc m\u1eafc v\u1ec1 vi\u1ec7c \u0111\u1eb7t v\u00e9 cho <a href=\"https:\/\/baiyokeskyhotel.com\/vi\/\">Nh\u00e0 h\u00e0ng buffet Baiyoke Sky<\/a>, c\u1ea7n h\u1ed7 tr\u1ee3 cho k\u1ebf ho\u1ea1ch du l\u1ecbch c\u1ee7a b\u1ea1n ho\u1eb7c c\u00f3 b\u1ea5t k\u1ef3 th\u1eafc m\u1eafc n\u00e0o kh\u00e1c, ch\u00fang t\u00f4i lu\u00f4n s\u1eb5n s\u00e0ng tr\u1ee3 gi\u00fap.<\/span><\/p><h2><span style=\"color: #000000;\">L\u00e0m th\u1ebf n\u00e0o \u0111\u1ec3 li\u00ean h\u1ec7 v\u1edbi ch\u00fang t\u00f4i<\/span><\/h2><p><span style=\"color: #000000;\">N\u1ebfu c\u00f3 b\u1ea5t k\u1ef3 th\u1eafc m\u1eafc n\u00e0o, vui l\u00f2ng li\u00ean h\u1ec7 v\u1edbi ch\u00fang t\u00f4i v\u00e0 ch\u00fang t\u00f4i s\u1ebd \u0111\u1ea3m b\u1ea3o ph\u1ea3n h\u1ed3i nhanh ch\u00f3ng.<\/span><\/p><p><strong><span style=\"color: #000000;\">E-mail: <a style=\"color: #000000;\" href=\"mailto:contact@baiyokeskyhotel.com\" rel=\"noopener\">contact@baiyokeskyhotel.com<\/a><\/span><\/strong><\/p><h3><a href=\"https:\/\/direct.lc.chat\/18378282\/\"><span style=\"color: #000000;\">Tr\u00f2 chuy\u1ec7n tr\u1ef1c ti\u1ebfp<\/span><\/a><\/h3><p><span style=\"color: #000000;\">B\u1ea1n c\u00f3 th\u1ec3 li\u00ean h\u1ec7 tr\u1ef1c ti\u1ebfp v\u1edbi ch\u00fang t\u00f4i th\u00f4ng qua t\u00ednh n\u0103ng Tr\u00f2 chuy\u1ec7n tr\u1ef1c ti\u1ebfp tr\u00ean trang web \u0111\u1ec3 \u0111\u01b0\u1ee3c h\u1ed7 tr\u1ee3 ngay l\u1eadp t\u1ee9c.<\/span><\/p><h2><span style=\"color: #000000;\">Gi\u1edd h\u1ed7 tr\u1ee3 kh\u00e1ch h\u00e0ng<\/span><\/h2><p><span style=\"color: #000000;\">\u0110\u1ed9i ng\u0169 h\u1ed7 tr\u1ee3 kh\u00e1ch h\u00e0ng c\u1ee7a ch\u00fang t\u00f4i lu\u00f4n s\u1eb5n s\u00e0ng h\u1ed7 tr\u1ee3 b\u1ea1n 24\/7:<\/span><br \/><span style=\"color: #000000;\">\ud83d\udd52 <strong>Kh\u1ea3 n\u0103ng h\u1ed7 tr\u1ee3:<\/strong> 24\/7, m\u1ed7i ng\u00e0y.<\/span><\/p><h2><span style=\"color: #000000;\">Li\u00ean h\u1ec7 v\u1edbi Baiyoke Sky Hotel<\/span><\/h2><p><span style=\"color: #000000;\">T\u1ea1i <a href=\"https:\/\/baiyokeskyhotel.com\/vi\/\">Kh\u00e1ch s\u1ea1n Baiyoke Sky<\/a>, ch\u00fang t\u00f4i n\u1ed7 l\u1ef1c cung c\u1ea5p d\u1ecbch v\u1ee5 kh\u00e1ch h\u00e0ng h\u00e0ng \u0111\u1ea7u, \u0111\u1ea3m b\u1ea3o chuy\u1ebfn \u0111i c\u1ee7a b\u1ea1n kh\u00f4ng g\u1eb7p r\u1eafc r\u1ed1i v\u00e0 th\u00fa v\u1ecb. \u0110\u1eebng ng\u1ea7n ng\u1ea1i li\u00ean h\u1ec7 v\u1edbi ch\u00fang t\u00f4i \u0111\u1ec3 \u0111\u01b0\u1ee3c tr\u1ee3 gi\u00fap li\u00ean quan \u0111\u1ebfn \u0111\u1eb7t ch\u1ed7, thanh to\u00e1n ho\u1eb7c c\u00e1c th\u1eafc m\u1eafc chung.<\/span><\/p><p><span style=\"color: #000000;\">Ch\u00fang t\u00f4i mong mu\u1ed1n \u0111\u01b0\u1ee3c h\u1ed7 tr\u1ee3 b\u1ea1n trong vi\u1ec7c l\u1eadp k\u1ebf ho\u1ea1ch cho chuy\u1ebfn phi\u00eau l\u01b0u th\u00fa v\u1ecb c\u1ee7a b\u1ea1n t\u1ea1i <a href=\"https:\/\/baiyokeskyhotel.com\/vi\/\">Kh\u00e1ch s\u1ea1n Baiyoke Sky<\/a>!<\/span><\/p>\t\t\t\t\t\t\t\t<\/div>\n\t\t\t\t<\/div>\n\t\t\t\t\t<\/div>\n\t\t<\/div>\n\t\t\t\t\t<\/div>\n\t\t<\/section>\n\t\t\t\t<\/div>","protected":false},"excerpt":{"rendered":"<p>Contact Us At Baiyoke Sky Hotel, we are committed to providing a smooth and memorable experience for your visit. Whether you have questions regarding ticket bookings for the Baiyoke Sky Buffet, need assistance with your travel plans, or have any other inquiries, we are here to help. How to Reach Us For any inquiries, feel [&hellip;]<\/p>\n","protected":false},"author":1,"featured_media":0,"parent":0,"menu_order":0,"comment_status":"closed","ping_status":"closed","template":"","meta":{"ocean_post_layout":"","ocean_both_sidebars_style":"","ocean_both_sidebars_content_width":0,"ocean_both_sidebars_sidebars_width":0,"ocean_sidebar":"","ocean_second_sidebar":"","ocean_disable_margins":"enable","ocean_add_body_class":"","ocean_shortcode_before_top_bar":"","ocean_shortcode_after_top_bar":"","ocean_shortcode_before_header":"","ocean_shortcode_after_header":"","ocean_has_shortcode":"","ocean_shortcode_after_title":"","ocean_shortcode_before_footer_widgets":"","ocean_shortcode_after_footer_widgets":"","ocean_shortcode_before_footer_bottom":"","ocean_shortcode_after_footer_bottom":"","ocean_display_top_bar":"default","ocean_display_header":"default","ocean_header_style":"","ocean_center_header_left_menu":"","ocean_custom_header_template":"","ocean_custom_logo":0,"ocean_custom_retina_logo":0,"ocean_custom_logo_max_width":0,"ocean_custom_logo_tablet_max_width":0,"ocean_custom_logo_mobile_max_width":0,"ocean_custom_logo_max_height":0,"ocean_custom_logo_tablet_max_height":0,"ocean_custom_logo_mobile_max_height":0,"ocean_header_custom_menu":"","ocean_menu_typo_font_family":"","ocean_menu_typo_font_subset":"","ocean_menu_typo_font_size":0,"ocean_menu_typo_font_size_tablet":0,"ocean_menu_typo_font_size_mobile":0,"ocean_menu_typo_font_size_unit":"px","ocean_menu_typo_font_weight":"","ocean_menu_typo_font_weight_tablet":"","ocean_menu_typo_font_weight_mobile":"","ocean_menu_typo_transform":"","ocean_menu_typo_transform_tablet":"","ocean_menu_typo_transform_mobile":"","ocean_menu_typo_line_height":0,"ocean_menu_typo_line_height_tablet":0,"ocean_menu_typo_line_height_mobile":0,"ocean_menu_typo_line_height_unit":"","ocean_menu_typo_spacing":0,"ocean_menu_typo_spacing_tablet":0,"ocean_menu_typo_spacing_mobile":0,"ocean_menu_typo_spacing_unit":"","ocean_menu_link_color":"","ocean_menu_link_color_hover":"","ocean_menu_link_color_active":"","ocean_menu_link_background":"","ocean_menu_link_hover_background":"","ocean_menu_link_active_background":"","ocean_menu_social_links_bg":"","ocean_menu_social_hover_links_bg":"","ocean_menu_social_links_color":"","ocean_menu_social_hover_links_color":"","ocean_disable_title":"default","ocean_disable_heading":"default","ocean_post_title":"","ocean_post_subheading":"","ocean_post_title_style":"","ocean_post_title_background_color":"","ocean_post_title_background":0,"ocean_post_title_bg_image_position":"","ocean_post_title_bg_image_attachment":"","ocean_post_title_bg_image_repeat":"","ocean_post_title_bg_image_size":"","ocean_post_title_height":0,"ocean_post_title_bg_overlay":0.5,"ocean_post_title_bg_overlay_color":"","ocean_disable_breadcrumbs":"default","ocean_breadcrumbs_color":"","ocean_breadcrumbs_separator_color":"","ocean_breadcrumbs_links_color":"","ocean_breadcrumbs_links_hover_color":"","ocean_display_footer_widgets":"default","ocean_display_footer_bottom":"default","ocean_custom_footer_template":"","footnotes":""},"class_list":["post-1350","page","type-page","status-publish","hentry","entry","owp-thumbs-layout-horizontal","owp-btn-normal","owp-tabs-layout-horizontal","has-no-thumbnails","has-product-nav"],"yoast_head":"<!-- This site is optimized with the Yoast SEO plugin v27.4 - https:\/\/yoast.com\/product\/yoast-seo-wordpress\/ -->\n<title>Contact Baiyoke Sky Hotel For Tickets By Triplyn Holidays<\/title>\n<meta name=\"description\" content=\"Get In Touch With Baiyoke Sky Hotel For Any Inquiries. Triplyn Holidays Sells Tickets To Our Buffet. Email Us At contact@baiyokeskyhotel.com!\" \/>\n<meta name=\"robots\" content=\"noindex, follow\" \/>\n<meta property=\"og:locale\" content=\"vi_VN\" \/>\n<meta property=\"og:type\" content=\"article\" \/>\n<meta property=\"og:title\" content=\"Contact Baiyoke Sky Hotel For Tickets By Triplyn Holidays\" \/>\n<meta property=\"og:description\" content=\"Get In Touch With Baiyoke Sky Hotel For Any Inquiries. Triplyn Holidays Sells Tickets To Our Buffet. Email Us At contact@baiyokeskyhotel.com!\" \/>\n<meta property=\"og:url\" content=\"https:\/\/baiyokeskyhotel.com\/vi\/lien-he-voi-chung-toi\/\" \/>\n<meta property=\"og:site_name\" content=\"Baiyoke Sky Hotel\" \/>\n<meta property=\"article:modified_time\" content=\"2025-05-19T06:36:06+00:00\" \/>\n<meta name=\"twitter:card\" content=\"summary_large_image\" \/>\n<meta name=\"twitter:label1\" content=\"\u01af\u1edbc t\u00ednh th\u1eddi gian \u0111\u1ecdc\" \/>\n\t<meta name=\"twitter:data1\" content=\"1 ph\u00fat\" \/>\n<script type=\"application\/ld+json\" class=\"yoast-schema-graph\">{\"@context\":\"https:\\\/\\\/schema.org\",\"@graph\":[{\"@type\":\"WebPage\",\"@id\":\"https:\\\/\\\/baiyokeskyhotel.com\\\/contact-us\\\/\",\"url\":\"https:\\\/\\\/baiyokeskyhotel.com\\\/contact-us\\\/\",\"name\":\"Contact Baiyoke Sky Hotel For Tickets By Triplyn Holidays\",\"isPartOf\":{\"@id\":\"https:\\\/\\\/baiyokeskyhotel.com\\\/#website\"},\"datePublished\":\"2024-10-18T16:53:56+00:00\",\"dateModified\":\"2025-05-19T06:36:06+00:00\",\"description\":\"Get In Touch With Baiyoke Sky Hotel For Any Inquiries. Triplyn Holidays Sells Tickets To Our Buffet. Email Us At contact@baiyokeskyhotel.com!\",\"breadcrumb\":{\"@id\":\"https:\\\/\\\/baiyokeskyhotel.com\\\/contact-us\\\/#breadcrumb\"},\"inLanguage\":\"vi\",\"potentialAction\":[{\"@type\":\"ReadAction\",\"target\":[\"https:\\\/\\\/baiyokeskyhotel.com\\\/contact-us\\\/\"]}]},{\"@type\":\"BreadcrumbList\",\"@id\":\"https:\\\/\\\/baiyokeskyhotel.com\\\/contact-us\\\/#breadcrumb\",\"itemListElement\":[{\"@type\":\"ListItem\",\"position\":1,\"name\":\"Home\",\"item\":\"https:\\\/\\\/baiyokeskyhotel.com\\\/\"},{\"@type\":\"ListItem\",\"position\":2,\"name\":\"Contact Us\"}]},{\"@type\":\"WebSite\",\"@id\":\"https:\\\/\\\/baiyokeskyhotel.com\\\/#website\",\"url\":\"https:\\\/\\\/baiyokeskyhotel.com\\\/\",\"name\":\"Baiyoke Sky Hotel\",\"description\":\"\",\"publisher\":{\"@id\":\"https:\\\/\\\/baiyokeskyhotel.com\\\/#organization\"},\"potentialAction\":[{\"@type\":\"SearchAction\",\"target\":{\"@type\":\"EntryPoint\",\"urlTemplate\":\"https:\\\/\\\/baiyokeskyhotel.com\\\/?s={search_term_string}\"},\"query-input\":{\"@type\":\"PropertyValueSpecification\",\"valueRequired\":true,\"valueName\":\"search_term_string\"}}],\"inLanguage\":\"vi\"},{\"@type\":\"Organization\",\"@id\":\"https:\\\/\\\/baiyokeskyhotel.com\\\/#organization\",\"name\":\"Baiyoke Sky Hotel\",\"url\":\"https:\\\/\\\/baiyokeskyhotel.com\\\/\",\"logo\":{\"@type\":\"ImageObject\",\"inLanguage\":\"vi\",\"@id\":\"https:\\\/\\\/baiyokeskyhotel.com\\\/#\\\/schema\\\/logo\\\/image\\\/\",\"url\":\"https:\\\/\\\/baiyokeskyhotel.com\\\/wp-content\\\/uploads\\\/2024\\\/08\\\/Baiyoke-Sky-Hotel-1.png\",\"contentUrl\":\"https:\\\/\\\/baiyokeskyhotel.com\\\/wp-content\\\/uploads\\\/2024\\\/08\\\/Baiyoke-Sky-Hotel-1.png\",\"width\":350,\"height\":100,\"caption\":\"Baiyoke Sky Hotel\"},\"image\":{\"@id\":\"https:\\\/\\\/baiyokeskyhotel.com\\\/#\\\/schema\\\/logo\\\/image\\\/\"}}]}<\/script>\n<!-- \/ Yoast SEO plugin. -->","yoast_head_json":{"title":"Li\u00ean h\u1ec7 Baiyoke Sky Hotel \u0111\u1ec3 \u0111\u1eb7t v\u00e9 c\u1ee7a Triplyn Holidays","description":"H\u00e3y li\u00ean h\u1ec7 v\u1edbi Baiyoke Sky Hotel \u0111\u1ec3 bi\u1ebft th\u00eam th\u00f4ng tin. Triplyn Holidays b\u00e1n v\u00e9 \u0111\u1ebfn Buffet c\u1ee7a ch\u00fang t\u00f4i. G\u1eedi email cho ch\u00fang t\u00f4i theo \u0111\u1ecba ch\u1ec9 contact@baiyokeskyhotel.com!","robots":{"index":"noindex","follow":"follow"},"og_locale":"vi_VN","og_type":"article","og_title":"Contact Baiyoke Sky Hotel For Tickets By Triplyn Holidays","og_description":"Get In Touch With Baiyoke Sky Hotel For Any Inquiries. Triplyn Holidays Sells Tickets To Our Buffet. Email Us At contact@baiyokeskyhotel.com!","og_url":"https:\/\/baiyokeskyhotel.com\/vi\/lien-he-voi-chung-toi\/","og_site_name":"Baiyoke Sky Hotel","article_modified_time":"2025-05-19T06:36:06+00:00","twitter_card":"summary_large_image","twitter_misc":{"\u01af\u1edbc t\u00ednh th\u1eddi gian \u0111\u1ecdc":"1 ph\u00fat"},"schema":{"@context":"https:\/\/schema.org","@graph":[{"@type":"WebPage","@id":"https:\/\/baiyokeskyhotel.com\/contact-us\/","url":"https:\/\/baiyokeskyhotel.com\/contact-us\/","name":"Li\u00ean h\u1ec7 Baiyoke Sky Hotel \u0111\u1ec3 \u0111\u1eb7t v\u00e9 c\u1ee7a Triplyn Holidays","isPartOf":{"@id":"https:\/\/baiyokeskyhotel.com\/#website"},"datePublished":"2024-10-18T16:53:56+00:00","dateModified":"2025-05-19T06:36:06+00:00","description":"H\u00e3y li\u00ean h\u1ec7 v\u1edbi Baiyoke Sky Hotel \u0111\u1ec3 bi\u1ebft th\u00eam th\u00f4ng tin. Triplyn Holidays b\u00e1n v\u00e9 \u0111\u1ebfn Buffet c\u1ee7a ch\u00fang t\u00f4i. G\u1eedi email cho ch\u00fang t\u00f4i theo \u0111\u1ecba ch\u1ec9 contact@baiyokeskyhotel.com!","breadcrumb":{"@id":"https:\/\/baiyokeskyhotel.com\/contact-us\/#breadcrumb"},"inLanguage":"vi","potentialAction":[{"@type":"ReadAction","target":["https:\/\/baiyokeskyhotel.com\/contact-us\/"]}]},{"@type":"BreadcrumbList","@id":"https:\/\/baiyokeskyhotel.com\/contact-us\/#breadcrumb","itemListElement":[{"@type":"ListItem","position":1,"name":"Home","item":"https:\/\/baiyokeskyhotel.com\/"},{"@type":"ListItem","position":2,"name":"Contact Us"}]},{"@type":"WebSite","@id":"https:\/\/baiyokeskyhotel.com\/#website","url":"https:\/\/baiyokeskyhotel.com\/","name":"Kh\u00e1ch s\u1ea1n Baiyoke Sky","description":"","publisher":{"@id":"https:\/\/baiyokeskyhotel.com\/#organization"},"potentialAction":[{"@type":"SearchAction","target":{"@type":"EntryPoint","urlTemplate":"https:\/\/baiyokeskyhotel.com\/?s={search_term_string}"},"query-input":{"@type":"PropertyValueSpecification","valueRequired":true,"valueName":"search_term_string"}}],"inLanguage":"vi"},{"@type":"Organization","@id":"https:\/\/baiyokeskyhotel.com\/#organization","name":"Kh\u00e1ch s\u1ea1n Baiyoke Sky","url":"https:\/\/baiyokeskyhotel.com\/","logo":{"@type":"ImageObject","inLanguage":"vi","@id":"https:\/\/baiyokeskyhotel.com\/#\/schema\/logo\/image\/","url":"https:\/\/baiyokeskyhotel.com\/wp-content\/uploads\/2024\/08\/Baiyoke-Sky-Hotel-1.png","contentUrl":"https:\/\/baiyokeskyhotel.com\/wp-content\/uploads\/2024\/08\/Baiyoke-Sky-Hotel-1.png","width":350,"height":100,"caption":"Baiyoke Sky Hotel"},"image":{"@id":"https:\/\/baiyokeskyhotel.com\/#\/schema\/logo\/image\/"}}]}},"jetpack_sharing_enabled":true,"_links":{"self":[{"href":"https:\/\/baiyokeskyhotel.com\/vi\/wp-json\/wp\/v2\/pages\/1350","targetHints":{"allow":["GET"]}}],"collection":[{"href":"https:\/\/baiyokeskyhotel.com\/vi\/wp-json\/wp\/v2\/pages"}],"about":[{"href":"https:\/\/baiyokeskyhotel.com\/vi\/wp-json\/wp\/v2\/types\/page"}],"author":[{"embeddable":true,"href":"https:\/\/baiyokeskyhotel.com\/vi\/wp-json\/wp\/v2\/users\/1"}],"replies":[{"embeddable":true,"href":"https:\/\/baiyokeskyhotel.com\/vi\/wp-json\/wp\/v2\/comments?post=1350"}],"version-history":[{"count":19,"href":"https:\/\/baiyokeskyhotel.com\/vi\/wp-json\/wp\/v2\/pages\/1350\/revisions"}],"predecessor-version":[{"id":2194,"href":"https:\/\/baiyokeskyhotel.com\/vi\/wp-json\/wp\/v2\/pages\/1350\/revisions\/2194"}],"wp:attachment":[{"href":"https:\/\/baiyokeskyhotel.com\/vi\/wp-json\/wp\/v2\/media?parent=1350"}],"curies":[{"name":"wp","href":"https:\/\/api.w.org\/{rel}","templated":true}]}}