{"id":1265,"date":"2024-10-18T22:21:08","date_gmt":"2024-10-18T16:51:08","guid":{"rendered":"https:\/\/baiyokeskyhotel.com\/?page_id=1265"},"modified":"2024-10-18T22:28:40","modified_gmt":"2024-10-18T16:58:40","slug":"cancellation-refund-policy","status":"publish","type":"page","link":"https:\/\/baiyokeskyhotel.com\/vi\/chinh-sach-hoan-tien-huy-bo\/","title":{"rendered":"Ch\u00ednh s\u00e1ch h\u1ee7y v\u00e0 ho\u00e0n ti\u1ec1n"},"content":{"rendered":"<div data-elementor-type=\"wp-page\" data-elementor-id=\"1265\" class=\"elementor elementor-1265\" data-elementor-post-type=\"page\">\n\t\t\t\t\t\t<section data-particle_enable=\"false\" data-particle-mobile-disabled=\"false\" class=\"elementor-section elementor-top-section elementor-element elementor-element-627d279 elementor-section-boxed elementor-section-height-default elementor-section-height-default\" data-id=\"627d279\" data-element_type=\"section\" data-e-type=\"section\">\n\t\t\t\t\t\t<div class=\"elementor-container elementor-column-gap-default\">\n\t\t\t\t\t<div class=\"elementor-column elementor-col-100 elementor-top-column elementor-element elementor-element-42054a4\" data-id=\"42054a4\" data-element_type=\"column\" data-e-type=\"column\">\n\t\t\t<div class=\"elementor-widget-wrap elementor-element-populated\">\n\t\t\t\t\t\t<div class=\"elementor-element elementor-element-db3b7d8 elementor-widget elementor-widget-text-editor\" data-id=\"db3b7d8\" data-element_type=\"widget\" data-e-type=\"widget\" data-widget_type=\"text-editor.default\">\n\t\t\t\t<div class=\"elementor-widget-container\">\n\t\t\t\t\t\t\t\t\t<h1 style=\"text-align: center;\"><span style=\"color: #000000;\">Ch\u00ednh s\u00e1ch h\u1ee7y v\u00e0 ho\u00e0n ti\u1ec1n \u2013 Baiyoke Sky Hotel<\/span><\/h1><p><span style=\"color: #000000;\">T\u1ea1i Baiyoke Sky Hotel, do Triplyn Holidays \u0111i\u1ec1u h\u00e0nh, ch\u00fang t\u00f4i n\u1ed7 l\u1ef1c mang \u0111\u1ebfn tr\u1ea3i nghi\u1ec7m li\u1ec1n m\u1ea1ch cho kh\u00e1ch h\u00e0ng. Xin l\u01b0u \u00fd r\u1eb1ng t\u1ea5t c\u1ea3 c\u00e1c giao d\u1ecbch b\u00e1n v\u00e9 cho Baiyoke Sky Buffet \u0111\u1ec1u l\u00e0 giao d\u1ecbch cu\u1ed1i c\u00f9ng v\u00e0 ch\u00fang t\u00f4i kh\u00f4ng cung c\u1ea5p d\u1ecbch v\u1ee5 h\u1ee7y ho\u1eb7c ho\u00e0n ti\u1ec1n.<\/span><\/p><h2><span style=\"color: #000000;\">1. Ch\u00ednh s\u00e1ch chung<\/span><\/h2><ul><li><span style=\"color: #000000;\"><strong>B\u00e1n h\u00e0ng cu\u1ed1i c\u00f9ng:<\/strong> T\u1ea5t c\u1ea3 c\u00e1c giao d\u1ecbch mua c\u1ee7a <a href=\"https:\/\/baiyokeskyhotel.com\/vi\/\">Nh\u00e0 h\u00e0ng buffet Baiyoke Sky<\/a> V\u00e9 kh\u00f4ng \u0111\u01b0\u1ee3c ho\u00e0n l\u1ea1i v\u00e0 kh\u00f4ng th\u1ec3 h\u1ee7y. Ch\u00fang t\u00f4i khuy\u00ean b\u1ea1n n\u00ean x\u00e1c nh\u1eadn th\u00f4ng tin \u0111\u1eb7t ch\u1ed7 tr\u01b0\u1edbc khi ho\u00e0n t\u1ea5t giao d\u1ecbch mua.<\/span><\/li><\/ul><h2><span style=\"color: #000000;\">2. V\u00e9 kh\u00f4ng \u0111\u01b0\u1ee3c ho\u00e0n l\u1ea1i<\/span><\/h2><ul><li><span style=\"color: #000000;\"><strong>\u0110i\u1ec1u kho\u1ea3n v\u00e9:<\/strong> T\u1ea5t c\u1ea3 v\u00e9 \u0111\u00e3 b\u00e1n cho Baiyoke Sky Buffet \u0111\u1ec1u kh\u00f4ng \u0111\u01b0\u1ee3c ho\u00e0n l\u1ea1i, bao g\u1ed3m c\u1ea3 v\u00e9 mua trong th\u1eddi gian khuy\u1ebfn m\u1ea1i. Th\u00f4ng tin n\u00e0y \u0111\u01b0\u1ee3c ghi r\u00f5 t\u1ea1i th\u1eddi \u0111i\u1ec3m mua. Vui l\u00f2ng xem l\u1ea1i c\u00e1c \u0111i\u1ec1u kho\u1ea3n li\u00ean quan \u0111\u1ebfn v\u00e9 c\u1ee7a b\u1ea1n tr\u01b0\u1edbc khi ho\u00e0n t\u1ea5t \u0111\u1eb7t ch\u1ed7.<\/span><\/li><\/ul><h2><span style=\"color: #000000;\">3. Kh\u00f4ng \u0111\u1ebfn v\u00e0 H\u1ee7y trong ng\u00e0y<\/span><\/h2><ul><li><span style=\"color: #000000;\"><strong>Ch\u00ednh s\u00e1ch v\u1ec1 vi\u1ec7c kh\u00f4ng \u0111\u1ebfn:<\/strong> N\u1ebfu b\u1ea1n kh\u00f4ng \u0111\u1ebfn \u0111\u00fang gi\u1edd \u0111\u00e3 h\u1eb9n ho\u1eb7c h\u1ee7y v\u00e0o ng\u00e0y \u0111\u1ebfn, ch\u00fang t\u00f4i s\u1ebd kh\u00f4ng ho\u00e0n l\u1ea1i ti\u1ec1n. Ch\u00fang t\u00f4i khuy\u1ebfn kh\u00edch b\u1ea1n \u0111\u1ea3m b\u1ea3o s\u1ef1 tham d\u1ef1 c\u1ee7a m\u00ecnh v\u00ec ch\u00fang t\u00f4i kh\u00f4ng th\u1ec3 \u0111\u00e1p \u1ee9ng b\u1ea5t k\u1ef3 thay \u0111\u1ed5i n\u00e0o sau khi \u0111\u1eb7t ch\u1ed7 \u0111\u01b0\u1ee3c x\u00e1c nh\u1eadn.<\/span><\/li><\/ul><h2><span style=\"color: #000000;\">4. Th\u00f4ng tin li\u00ean l\u1ea1c<\/span><\/h2><p><span style=\"color: #000000;\">M\u1ecdi th\u1eafc m\u1eafc li\u00ean quan \u0111\u1ebfn vi\u1ec7c \u0111\u1eb7t ch\u1ed7, vui l\u00f2ng li\u00ean h\u1ec7 v\u1edbi ch\u00fang t\u00f4i theo \u0111\u1ecba ch\u1ec9:<\/span><\/p><ul><li><span style=\"color: #000000;\"><strong>E-mail:<\/strong> <a style=\"color: #000000;\" href=\"mailto:contact@baiyokeskyhotel.com\" rel=\"noopener\">contact@baiyokeskyhotel.com<\/a><\/span><\/li><li><span style=\"color: #000000;\"><strong>Trang web:<\/strong> Gh\u00e9 th\u0103m ch\u00fang t\u00f4i t\u1ea1i <a style=\"color: #000000;\" href=\"https:\/\/baiyokeskyhotel.com\/vi\/\" target=\"_new\" rel=\"noopener\">baiyokeskyhotel.com<\/a><\/span><\/li><\/ul><p><span style=\"color: #000000;\">Ch\u00fang t\u00f4i c\u1ed1 g\u1eafng tr\u1ea3 l\u1eddi m\u1ecdi th\u1eafc m\u1eafc trong v\u00f2ng 24 gi\u1edd.<\/span><\/p><h2><span style=\"color: #000000;\">5. Thay \u0111\u1ed5i Ch\u00ednh s\u00e1ch<\/span><\/h2><p><span style=\"color: #000000;\"><a href=\"https:\/\/baiyokeskyhotel.com\/vi\/\">Kh\u00e1ch s\u1ea1n Baiyoke Sky<\/a> c\u00f3 quy\u1ec1n c\u1eadp nh\u1eadt ho\u1eb7c s\u1eeda \u0111\u1ed5i Ch\u00ednh s\u00e1ch H\u1ee7y v\u00e0 Ho\u00e0n ti\u1ec1n n\u00e0y b\u1ea5t k\u1ef3 l\u00fac n\u00e0o. B\u1ea5t k\u1ef3 thay \u0111\u1ed5i n\u00e0o s\u1ebd \u0111\u01b0\u1ee3c \u0111\u0103ng tr\u00ean trang web c\u1ee7a ch\u00fang t\u00f4i v\u00e0 b\u1ea1n c\u00f3 tr\u00e1ch nhi\u1ec7m xem l\u1ea1i ch\u00ednh s\u00e1ch \u0111\u1ecbnh k\u1ef3.<\/span><\/p>\t\t\t\t\t\t\t\t<\/div>\n\t\t\t\t<\/div>\n\t\t\t\t\t<\/div>\n\t\t<\/div>\n\t\t\t\t\t<\/div>\n\t\t<\/section>\n\t\t\t\t<\/div>","protected":false},"excerpt":{"rendered":"<p>Cancellation &amp; Refund Policy \u2013 Baiyoke Sky Hotel At Baiyoke Sky Hotel, operated by Triplyn Holidays, we strive to provide a seamless experience for our customers. Please be aware that all ticket sales for Baiyoke Sky Buffet are final, and we do not offer cancellations or refunds. 1. General Policy Final Sales: All purchases of [&hellip;]<\/p>\n","protected":false},"author":1,"featured_media":0,"parent":0,"menu_order":0,"comment_status":"closed","ping_status":"closed","template":"","meta":{"ocean_post_layout":"","ocean_both_sidebars_style":"","ocean_both_sidebars_content_width":0,"ocean_both_sidebars_sidebars_width":0,"ocean_sidebar":"","ocean_second_sidebar":"","ocean_disable_margins":"enable","ocean_add_body_class":"","ocean_shortcode_before_top_bar":"","ocean_shortcode_after_top_bar":"","ocean_shortcode_before_header":"","ocean_shortcode_after_header":"","ocean_has_shortcode":"","ocean_shortcode_after_title":"","ocean_shortcode_before_footer_widgets":"","ocean_shortcode_after_footer_widgets":"","ocean_shortcode_before_footer_bottom":"","ocean_shortcode_after_footer_bottom":"","ocean_display_top_bar":"default","ocean_display_header":"default","ocean_header_style":"","ocean_center_header_left_menu":"","ocean_custom_header_template":"","ocean_custom_logo":0,"ocean_custom_retina_logo":0,"ocean_custom_logo_max_width":0,"ocean_custom_logo_tablet_max_width":0,"ocean_custom_logo_mobile_max_width":0,"ocean_custom_logo_max_height":0,"ocean_custom_logo_tablet_max_height":0,"ocean_custom_logo_mobile_max_height":0,"ocean_header_custom_menu":"","ocean_menu_typo_font_family":"","ocean_menu_typo_font_subset":"","ocean_menu_typo_font_size":0,"ocean_menu_typo_font_size_tablet":0,"ocean_menu_typo_font_size_mobile":0,"ocean_menu_typo_font_size_unit":"px","ocean_menu_typo_font_weight":"","ocean_menu_typo_font_weight_tablet":"","ocean_menu_typo_font_weight_mobile":"","ocean_menu_typo_transform":"","ocean_menu_typo_transform_tablet":"","ocean_menu_typo_transform_mobile":"","ocean_menu_typo_line_height":0,"ocean_menu_typo_line_height_tablet":0,"ocean_menu_typo_line_height_mobile":0,"ocean_menu_typo_line_height_unit":"","ocean_menu_typo_spacing":0,"ocean_menu_typo_spacing_tablet":0,"ocean_menu_typo_spacing_mobile":0,"ocean_menu_typo_spacing_unit":"","ocean_menu_link_color":"","ocean_menu_link_color_hover":"","ocean_menu_link_color_active":"","ocean_menu_link_background":"","ocean_menu_link_hover_background":"","ocean_menu_link_active_background":"","ocean_menu_social_links_bg":"","ocean_menu_social_hover_links_bg":"","ocean_menu_social_links_color":"","ocean_menu_social_hover_links_color":"","ocean_disable_title":"default","ocean_disable_heading":"default","ocean_post_title":"","ocean_post_subheading":"","ocean_post_title_style":"","ocean_post_title_background_color":"","ocean_post_title_background":0,"ocean_post_title_bg_image_position":"","ocean_post_title_bg_image_attachment":"","ocean_post_title_bg_image_repeat":"","ocean_post_title_bg_image_size":"","ocean_post_title_height":0,"ocean_post_title_bg_overlay":0.5,"ocean_post_title_bg_overlay_color":"","ocean_disable_breadcrumbs":"default","ocean_breadcrumbs_color":"","ocean_breadcrumbs_separator_color":"","ocean_breadcrumbs_links_color":"","ocean_breadcrumbs_links_hover_color":"","ocean_display_footer_widgets":"default","ocean_display_footer_bottom":"default","ocean_custom_footer_template":"","footnotes":""},"class_list":["post-1265","page","type-page","status-publish","hentry","entry","owp-thumbs-layout-horizontal","owp-btn-normal","owp-tabs-layout-horizontal","has-no-thumbnails","has-product-nav"],"yoast_head":"<!-- This site is optimized with the Yoast SEO plugin v27.3 - https:\/\/yoast.com\/product\/yoast-seo-wordpress\/ -->\n<title>Cancellation And Refund Policy By Triplyn Holidays<\/title>\n<meta name=\"description\" content=\"Review The Cancellation And Refund Policy For Baiyoke Sky Hotel. Triplyn Holidays Ensures Clear Guidelines For Ticket Bookings And Refunds.\" \/>\n<meta name=\"robots\" content=\"noindex, follow\" \/>\n<meta property=\"og:locale\" content=\"vi_VN\" \/>\n<meta property=\"og:type\" content=\"article\" \/>\n<meta property=\"og:title\" content=\"Cancellation And Refund Policy By Triplyn Holidays\" \/>\n<meta property=\"og:description\" content=\"Review The Cancellation And Refund Policy For Baiyoke Sky Hotel. Triplyn Holidays Ensures Clear Guidelines For Ticket Bookings And Refunds.\" \/>\n<meta property=\"og:url\" content=\"https:\/\/baiyokeskyhotel.com\/vi\/chinh-sach-hoan-tien-huy-bo\/\" \/>\n<meta property=\"og:site_name\" content=\"Baiyoke Sky Hotel\" \/>\n<meta property=\"article:modified_time\" content=\"2024-10-18T16:58:40+00:00\" \/>\n<meta name=\"twitter:card\" content=\"summary_large_image\" \/>\n<meta name=\"twitter:label1\" content=\"\u01af\u1edbc t\u00ednh th\u1eddi gian \u0111\u1ecdc\" \/>\n\t<meta name=\"twitter:data1\" content=\"2 ph\u00fat\" \/>\n<script type=\"application\/ld+json\" class=\"yoast-schema-graph\">{\"@context\":\"https:\\\/\\\/schema.org\",\"@graph\":[{\"@type\":\"WebPage\",\"@id\":\"https:\\\/\\\/baiyokeskyhotel.com\\\/cancellation-refund-policy\\\/\",\"url\":\"https:\\\/\\\/baiyokeskyhotel.com\\\/cancellation-refund-policy\\\/\",\"name\":\"Cancellation And Refund Policy By Triplyn Holidays\",\"isPartOf\":{\"@id\":\"https:\\\/\\\/baiyokeskyhotel.com\\\/#website\"},\"datePublished\":\"2024-10-18T16:51:08+00:00\",\"dateModified\":\"2024-10-18T16:58:40+00:00\",\"description\":\"Review The Cancellation And Refund Policy For Baiyoke Sky Hotel. Triplyn Holidays Ensures Clear Guidelines For Ticket Bookings And Refunds.\",\"breadcrumb\":{\"@id\":\"https:\\\/\\\/baiyokeskyhotel.com\\\/cancellation-refund-policy\\\/#breadcrumb\"},\"inLanguage\":\"vi\",\"potentialAction\":[{\"@type\":\"ReadAction\",\"target\":[\"https:\\\/\\\/baiyokeskyhotel.com\\\/cancellation-refund-policy\\\/\"]}]},{\"@type\":\"BreadcrumbList\",\"@id\":\"https:\\\/\\\/baiyokeskyhotel.com\\\/cancellation-refund-policy\\\/#breadcrumb\",\"itemListElement\":[{\"@type\":\"ListItem\",\"position\":1,\"name\":\"Home\",\"item\":\"https:\\\/\\\/baiyokeskyhotel.com\\\/\"},{\"@type\":\"ListItem\",\"position\":2,\"name\":\"Cancellation &amp; Refund Policy\"}]},{\"@type\":\"WebSite\",\"@id\":\"https:\\\/\\\/baiyokeskyhotel.com\\\/#website\",\"url\":\"https:\\\/\\\/baiyokeskyhotel.com\\\/\",\"name\":\"Baiyoke Sky Hotel\",\"description\":\"\",\"publisher\":{\"@id\":\"https:\\\/\\\/baiyokeskyhotel.com\\\/#organization\"},\"potentialAction\":[{\"@type\":\"SearchAction\",\"target\":{\"@type\":\"EntryPoint\",\"urlTemplate\":\"https:\\\/\\\/baiyokeskyhotel.com\\\/?s={search_term_string}\"},\"query-input\":{\"@type\":\"PropertyValueSpecification\",\"valueRequired\":true,\"valueName\":\"search_term_string\"}}],\"inLanguage\":\"vi\"},{\"@type\":\"Organization\",\"@id\":\"https:\\\/\\\/baiyokeskyhotel.com\\\/#organization\",\"name\":\"Baiyoke Sky Hotel\",\"url\":\"https:\\\/\\\/baiyokeskyhotel.com\\\/\",\"logo\":{\"@type\":\"ImageObject\",\"inLanguage\":\"vi\",\"@id\":\"https:\\\/\\\/baiyokeskyhotel.com\\\/#\\\/schema\\\/logo\\\/image\\\/\",\"url\":\"https:\\\/\\\/baiyokeskyhotel.com\\\/wp-content\\\/uploads\\\/2024\\\/08\\\/Baiyoke-Sky-Hotel-1.png\",\"contentUrl\":\"https:\\\/\\\/baiyokeskyhotel.com\\\/wp-content\\\/uploads\\\/2024\\\/08\\\/Baiyoke-Sky-Hotel-1.png\",\"width\":350,\"height\":100,\"caption\":\"Baiyoke Sky Hotel\"},\"image\":{\"@id\":\"https:\\\/\\\/baiyokeskyhotel.com\\\/#\\\/schema\\\/logo\\\/image\\\/\"}}]}<\/script>\n<!-- \/ Yoast SEO plugin. -->","yoast_head_json":{"title":"Ch\u00ednh s\u00e1ch h\u1ee7y v\u00e0 ho\u00e0n ti\u1ec1n c\u1ee7a Triplyn Holidays","description":"Xem l\u1ea1i Ch\u00ednh s\u00e1ch h\u1ee7y v\u00e0 ho\u00e0n ti\u1ec1n c\u1ee7a Baiyoke Sky Hotel. Triplyn Holidays \u0111\u1ea3m b\u1ea3o h\u01b0\u1edbng d\u1eabn r\u00f5 r\u00e0ng v\u1ec1 \u0111\u1eb7t v\u00e9 v\u00e0 ho\u00e0n ti\u1ec1n.","robots":{"index":"noindex","follow":"follow"},"og_locale":"vi_VN","og_type":"article","og_title":"Cancellation And Refund Policy By Triplyn Holidays","og_description":"Review The Cancellation And Refund Policy For Baiyoke Sky Hotel. Triplyn Holidays Ensures Clear Guidelines For Ticket Bookings And Refunds.","og_url":"https:\/\/baiyokeskyhotel.com\/vi\/chinh-sach-hoan-tien-huy-bo\/","og_site_name":"Baiyoke Sky Hotel","article_modified_time":"2024-10-18T16:58:40+00:00","twitter_card":"summary_large_image","twitter_misc":{"\u01af\u1edbc t\u00ednh th\u1eddi gian \u0111\u1ecdc":"2 ph\u00fat"},"schema":{"@context":"https:\/\/schema.org","@graph":[{"@type":"WebPage","@id":"https:\/\/baiyokeskyhotel.com\/cancellation-refund-policy\/","url":"https:\/\/baiyokeskyhotel.com\/cancellation-refund-policy\/","name":"Ch\u00ednh s\u00e1ch h\u1ee7y v\u00e0 ho\u00e0n ti\u1ec1n c\u1ee7a Triplyn Holidays","isPartOf":{"@id":"https:\/\/baiyokeskyhotel.com\/#website"},"datePublished":"2024-10-18T16:51:08+00:00","dateModified":"2024-10-18T16:58:40+00:00","description":"Xem l\u1ea1i Ch\u00ednh s\u00e1ch h\u1ee7y v\u00e0 ho\u00e0n ti\u1ec1n c\u1ee7a Baiyoke Sky Hotel. Triplyn Holidays \u0111\u1ea3m b\u1ea3o h\u01b0\u1edbng d\u1eabn r\u00f5 r\u00e0ng v\u1ec1 \u0111\u1eb7t v\u00e9 v\u00e0 ho\u00e0n ti\u1ec1n.","breadcrumb":{"@id":"https:\/\/baiyokeskyhotel.com\/cancellation-refund-policy\/#breadcrumb"},"inLanguage":"vi","potentialAction":[{"@type":"ReadAction","target":["https:\/\/baiyokeskyhotel.com\/cancellation-refund-policy\/"]}]},{"@type":"BreadcrumbList","@id":"https:\/\/baiyokeskyhotel.com\/cancellation-refund-policy\/#breadcrumb","itemListElement":[{"@type":"ListItem","position":1,"name":"Home","item":"https:\/\/baiyokeskyhotel.com\/"},{"@type":"ListItem","position":2,"name":"Cancellation &amp; Refund Policy"}]},{"@type":"WebSite","@id":"https:\/\/baiyokeskyhotel.com\/#website","url":"https:\/\/baiyokeskyhotel.com\/","name":"Kh\u00e1ch s\u1ea1n Baiyoke Sky","description":"","publisher":{"@id":"https:\/\/baiyokeskyhotel.com\/#organization"},"potentialAction":[{"@type":"SearchAction","target":{"@type":"EntryPoint","urlTemplate":"https:\/\/baiyokeskyhotel.com\/?s={search_term_string}"},"query-input":{"@type":"PropertyValueSpecification","valueRequired":true,"valueName":"search_term_string"}}],"inLanguage":"vi"},{"@type":"Organization","@id":"https:\/\/baiyokeskyhotel.com\/#organization","name":"Kh\u00e1ch s\u1ea1n Baiyoke Sky","url":"https:\/\/baiyokeskyhotel.com\/","logo":{"@type":"ImageObject","inLanguage":"vi","@id":"https:\/\/baiyokeskyhotel.com\/#\/schema\/logo\/image\/","url":"https:\/\/baiyokeskyhotel.com\/wp-content\/uploads\/2024\/08\/Baiyoke-Sky-Hotel-1.png","contentUrl":"https:\/\/baiyokeskyhotel.com\/wp-content\/uploads\/2024\/08\/Baiyoke-Sky-Hotel-1.png","width":350,"height":100,"caption":"Baiyoke Sky Hotel"},"image":{"@id":"https:\/\/baiyokeskyhotel.com\/#\/schema\/logo\/image\/"}}]}},"jetpack_sharing_enabled":true,"_links":{"self":[{"href":"https:\/\/baiyokeskyhotel.com\/vi\/wp-json\/wp\/v2\/pages\/1265","targetHints":{"allow":["GET"]}}],"collection":[{"href":"https:\/\/baiyokeskyhotel.com\/vi\/wp-json\/wp\/v2\/pages"}],"about":[{"href":"https:\/\/baiyokeskyhotel.com\/vi\/wp-json\/wp\/v2\/types\/page"}],"author":[{"embeddable":true,"href":"https:\/\/baiyokeskyhotel.com\/vi\/wp-json\/wp\/v2\/users\/1"}],"replies":[{"embeddable":true,"href":"https:\/\/baiyokeskyhotel.com\/vi\/wp-json\/wp\/v2\/comments?post=1265"}],"version-history":[{"count":4,"href":"https:\/\/baiyokeskyhotel.com\/vi\/wp-json\/wp\/v2\/pages\/1265\/revisions"}],"predecessor-version":[{"id":1349,"href":"https:\/\/baiyokeskyhotel.com\/vi\/wp-json\/wp\/v2\/pages\/1265\/revisions\/1349"}],"wp:attachment":[{"href":"https:\/\/baiyokeskyhotel.com\/vi\/wp-json\/wp\/v2\/media?parent=1265"}],"curies":[{"name":"wp","href":"https:\/\/api.w.org\/{rel}","templated":true}]}}