{"id":619,"date":"2024-09-04T16:25:37","date_gmt":"2024-09-04T10:55:37","guid":{"rendered":"https:\/\/baiyokeskyhotel.com\/?page_id=619"},"modified":"2026-04-29T17:42:11","modified_gmt":"2026-04-29T12:12:11","slug":"terms-of-usage","status":"publish","type":"page","link":"https:\/\/baiyokeskyhotel.com\/fr\/conditions-dutilisation\/","title":{"rendered":"Conditions d&#039;utilisation"},"content":{"rendered":"<div data-elementor-type=\"wp-page\" data-elementor-id=\"619\" class=\"elementor elementor-619\" data-elementor-post-type=\"page\">\n\t\t\t\t\t\t<section data-particle_enable=\"false\" data-particle-mobile-disabled=\"false\" class=\"elementor-section elementor-top-section elementor-element elementor-element-ddf011c elementor-section-boxed elementor-section-height-default elementor-section-height-default\" data-id=\"ddf011c\" data-element_type=\"section\" data-e-type=\"section\">\n\t\t\t\t\t\t<div class=\"elementor-container elementor-column-gap-default\">\n\t\t\t\t\t<div class=\"elementor-column elementor-col-100 elementor-top-column elementor-element elementor-element-342978f\" data-id=\"342978f\" data-element_type=\"column\" data-e-type=\"column\">\n\t\t\t<div class=\"elementor-widget-wrap elementor-element-populated\">\n\t\t\t\t\t\t<div class=\"elementor-element elementor-element-388f0d6 elementor-widget elementor-widget-text-editor\" data-id=\"388f0d6\" data-element_type=\"widget\" data-e-type=\"widget\" data-widget_type=\"text-editor.default\">\n\t\t\t\t<div class=\"elementor-widget-container\">\n\t\t\t\t\t\t\t\t\t<h1 style=\"text-align: center;\"><span style=\"color: #000000;\">Conditions d&#039;utilisation<\/span><\/h1>\n<span style=\"color: #000000;\">Welcome to Baiyoke Sky Hotel, operated by The Thai Tourism. By accessing and using our website, <a style=\"color: #000000;\" href=\"https:\/\/baiyokeskyhotel.com\/fr\/\" target=\"_new\" rel=\"noopener\">baiyokeskyhotel.com<\/a>, vous acceptez de vous conformer aux conditions g\u00e9n\u00e9rales suivantes et d&#039;\u00eatre li\u00e9 par elles. Veuillez lire attentivement ces conditions avant d&#039;utiliser notre site Web.<\/span>\n<h2><span style=\"color: #000000;\">1. Conditions g\u00e9n\u00e9rales<\/span><\/h2>\n<span style=\"color: #000000;\">All services, content, and products provided on this website are offered by The Thai Tourism. By using this website, you agree to adhere to all terms, conditions, and policies outlined here. If you disagree with any of these terms, please discontinue your use of the site.<\/span>\n<h2><span style=\"color: #000000;\">2. Propri\u00e9t\u00e9 intellectuelle<\/span><\/h2>\n<span style=\"color: #000000;\">All content on this website, including text, images, logos, and other materials, is the intellectual property of The Thai Tourism. This content is protected by copyright, trademark, and other intellectual property laws. You may not reproduce, modify, or distribute any content without explicit permission from The Thai Tourism.<\/span>\n<h2><span style=\"color: #000000;\">3. Utilisation du site Web<\/span><\/h2>\n<span style=\"color: #000000;\">En utilisant le <a href=\"https:\/\/baiyokeskyhotel.com\/fr\/\">H\u00f4tel Baiyoke Sky<\/a> En utilisant ce site Web, vous acceptez que :<\/span>\n<ul>\n \t<li><span style=\"color: #000000;\">Vous n\u2019utiliserez pas le site Web \u00e0 des fins ill\u00e9gales.<\/span><\/li>\n \t<li><span style=\"color: #000000;\">Vous n&#039;interf\u00e9rerez pas avec la fonctionnalit\u00e9 du site Web.<\/span><\/li>\n \t<li><span style=\"color: #000000;\">Vous ne tenterez pas d\u2019acc\u00e9der aux zones restreintes du site Web.<\/span><\/li>\n \t<li><span style=\"color: #000000;\">Vous ne distribuerez pas de virus ou de logiciels nuisibles.<\/span><\/li>\n<\/ul>\n<h2><span style=\"color: #000000;\">4. Comptes d&#039;utilisateurs<\/span><\/h2>\n<span style=\"color: #000000;\">Pour r\u00e9server des billets ou utiliser certaines fonctionnalit\u00e9s de notre site Web, vous devrez peut-\u00eatre cr\u00e9er un compte. Vous \u00eates responsable de la s\u00e9curit\u00e9 des informations de votre compte et acceptez d&#039;assumer la responsabilit\u00e9 de toutes les activit\u00e9s effectu\u00e9es sous votre compte.<\/span>\n\n<span style=\"color: #000000;\">Si vous suspectez un acc\u00e8s non autoris\u00e9 \u00e0 votre compte, veuillez nous contacter \u00e0 <a style=\"color: #000000;\" href=\"mailto:contact@baiyokeskyhotel.com\" rel=\"noopener\">contact@baiyokeskyhotel.com<\/a>.<\/span>\n<h2><span style=\"color: #000000;\">5. Conditions de r\u00e9servation<\/span><\/h2>\n<span style=\"color: #000000;\">En r\u00e9servant des billets via notre site Web, vous acceptez ce qui suit :<\/span>\n<ul>\n \t<li><span style=\"color: #000000;\">Toutes les r\u00e9servations sont soumises \u00e0 disponibilit\u00e9 et confirmation.<\/span><\/li>\n \t<li><span style=\"color: #000000;\">Les prix sont sujets \u00e0 changement sans pr\u00e9avis.<\/span><\/li>\n \t<li><span style=\"color: #000000;\">Vous devez fournir des informations exactes pour les r\u00e9servations, y compris les d\u00e9tails de paiement.<\/span><\/li>\n \t<li><span style=\"color: #000000;\">Nous nous r\u00e9servons le droit de modifier ou d&#039;annuler les r\u00e9servations en raison de circonstances impr\u00e9vues.<\/span><\/li>\n<\/ul>\n<h2><span style=\"color: #000000;\">6. Paiement<\/span><\/h2>\n<span style=\"color: #000000;\">Les paiements pour les r\u00e9servations de billets doivent \u00eatre effectu\u00e9s via des passerelles de paiement s\u00e9curis\u00e9es fournies sur notre site Web. En effectuant le paiement, vous confirmez que vos informations de paiement sont exactes et que vous \u00eates autoris\u00e9 \u00e0 utiliser le mode de paiement choisi. Nous accordons la priorit\u00e9 \u00e0 la s\u00e9curit\u00e9 de votre paiement en utilisant le cryptage et une technologie s\u00e9curis\u00e9e.<\/span>\n<h2><span style=\"color: #000000;\">7. Remboursements et annulations<\/span><\/h2>\n<span style=\"color: #000000;\">Nos politiques de remboursement et d&#039;annulation sont les suivantes :<\/span>\n<ul>\n \t<li><span style=\"color: #000000;\"><strong>Annulations :<\/strong> Vous pouvez annuler vos r\u00e9servations en nous contactant au <a style=\"color: #000000;\" href=\"mailto:contact@baiyokeskyhotel.com\" rel=\"noopener\">contact@baiyokeskyhotel.com<\/a>Les annulations sont soumises \u00e0 des conditions sp\u00e9cifiques.<\/span><\/li>\n \t<li><span style=\"color: #000000;\"><strong>Remboursements :<\/strong> Les remboursements ne sont accord\u00e9s que pour les annulations qui r\u00e9pondent aux conditions de notre politique de remboursement et qui sont trait\u00e9es via le mode de paiement d&#039;origine. Consultez notre politique de remboursement pour plus de d\u00e9tails.<\/span><\/li>\n<\/ul>\n<h2><span style=\"color: #000000;\">8. Limitation de responsabilit\u00e9<\/span><\/h2>\n<span style=\"color: #000000;\">The Thai Tourism is not liable for:<\/span>\n<ul>\n \t<li><span style=\"color: #000000;\">Inexactitudes dans le contenu ou les informations fournies sur le site Web.<\/span><\/li>\n \t<li><span style=\"color: #000000;\">Retards ou d\u00e9faillances de services dus \u00e0 des circonstances ind\u00e9pendantes de notre volont\u00e9, telles que des d\u00e9faillances techniques ou des actions de tiers.<\/span><\/li>\n \t<li><span style=\"color: #000000;\">Perte de donn\u00e9es, de b\u00e9n\u00e9fices ou de r\u00e9putation r\u00e9sultant de l\u2019utilisation de notre site Web.<\/span><\/li>\n<\/ul>\n<span style=\"color: #000000;\">Vous utilisez le site Web \u00e0 vos propres risques.<\/span>\n<h2><span style=\"color: #000000;\">9. Liens vers des sites tiers<\/span><\/h2>\n<span style=\"color: #000000;\">Our website may include links to third-party websites. These links are provided for your convenience, and The Thai Tourism does not endorse or take responsibility for the content or privacy policies of these external sites.<\/span>\n<h2><span style=\"color: #000000;\">10. Politique de confidentialit\u00e9<\/span><\/h2>\n<span style=\"color: #000000;\">En utilisant notre site Web, vous acceptez la collecte et l&#039;utilisation de vos donn\u00e9es personnelles comme indiqu\u00e9 dans notre <a style=\"color: #000000;\" href=\"#\" rel=\"noopener\">politique de confidentialit\u00e9<\/a>Veuillez le consulter pour comprendre comment vos donn\u00e9es sont g\u00e9r\u00e9es.<\/span>\n<h2><span style=\"color: #000000;\">11. Modifications des conditions d&#039;utilisation<\/span><\/h2>\n<span style=\"color: #000000;\">Nous nous r\u00e9servons le droit de modifier ou de mettre \u00e0 jour ces conditions sans pr\u00e9avis. Les mises \u00e0 jour seront publi\u00e9es sur cette page et il est de votre responsabilit\u00e9 de consulter ces conditions r\u00e9guli\u00e8rement. L&#039;utilisation continue du site Web apr\u00e8s que des modifications ont \u00e9t\u00e9 apport\u00e9es signifie que vous acceptez les nouvelles conditions.<\/span>\n<h2><span style=\"color: #000000;\">12. Loi applicable<\/span><\/h2>\n<span style=\"color: #000000;\">Ces conditions sont r\u00e9gies par les lois de l&#039;Inde. Tout litige d\u00e9coulant de ces conditions ou de votre utilisation du site Web sera soumis \u00e0 la juridiction des tribunaux de New Delhi, en Inde.<\/span>\n<h2><span style=\"color: #000000;\">13. Contactez-nous<\/span><\/h2>\n<span style=\"color: #000000;\">Si vous avez des questions concernant ces conditions, veuillez nous contacter :<\/span>\n<ul>\n \t<li><span style=\"color: #000000;\"><strong>Nom de l&#039;entreprise:<\/strong> The Thai Tourism<\/span><\/li>\n \t<li><span style=\"color: #000000;\"><strong>Adresse:<\/strong> 193\/224, 3rd Floor, Bang Lamung District, Chon Buri 20150, Thailand.<\/span><\/li>\n \t<li><span style=\"color: #000000;\"><strong>E-mail:<\/strong> <a style=\"color: #000000;\" href=\"mailto:contact@baiyokeskyhotel.com\" rel=\"noopener\">contact@baiyokeskyhotel.com<\/a><\/span><\/li>\n<\/ul>\n<h2><span style=\"color: #000000;\">14. R\u00e9siliation de l&#039;acc\u00e8s<\/span><\/h2>\n<span style=\"color: #000000;\">Nous nous r\u00e9servons le droit de r\u00e9silier ou de suspendre votre acc\u00e8s au site Web sans pr\u00e9avis pour quelque raison que ce soit, y compris en cas de violation des pr\u00e9sentes conditions. Dans de tels cas, votre droit d&#039;utiliser le site Web et ses services sera imm\u00e9diatement r\u00e9voqu\u00e9.<\/span>\n<h2><span style=\"color: #000000;\">15. Indemnisation<\/span><\/h2>\n<span style=\"color: #000000;\">You agree to indemnify The Thai Tourism and its team against any claims, damages, or liabilities arising from your use of the website or violation of these terms.<\/span>\n<h2><span style=\"color: #000000;\">16. Int\u00e9gralit\u00e9 de l&#039;accord<\/span><\/h2>\n<span style=\"color: #000000;\">These Terms of Usage, along with any legal notices on the website, constitute the full agreement between you and The Thai Tourism. This agreement supersedes any prior agreements related to the subject matter.<\/span>\n<h2><span style=\"color: #000000;\">17. Divisibilit\u00e9<\/span><\/h2>\n<span style=\"color: #000000;\">Si une partie quelconque de ces conditions est jug\u00e9e invalide ou inapplicable, les conditions restantes continueront d\u2019\u00eatre en vigueur.<\/span>\n<h2><span style=\"color: #000000;\">18. Renonciation<\/span><\/h2>\n<span style=\"color: #000000;\">Failure by The Thai Tourism to enforce any provision of these terms will not constitute a waiver of that provision or any future breaches.<\/span>\n<h2><span style=\"color: #000000;\">19. Force majeure<\/span><\/h2>\n<span style=\"color: #000000;\">The Thai Tourism is not responsible for failure or delay in performance due to events outside our control, including natural disasters, strikes, or other unforeseeable events.<\/span>\t\t\t\t\t\t\t\t<\/div>\n\t\t\t\t<\/div>\n\t\t\t\t\t<\/div>\n\t\t<\/div>\n\t\t\t\t\t<\/div>\n\t\t<\/section>\n\t\t\t\t<\/div>","protected":false},"excerpt":{"rendered":"<p>Terms of Usage Welcome to Baiyoke Sky Hotel, operated by The Thai Tourism. By accessing and using our website, baiyokeskyhotel.com, you agree to comply with and be bound by the following terms and conditions. Please read these terms carefully before using our website. 1. General Terms All services, content, and products provided on this website [&hellip;]<\/p>\n","protected":false},"author":1,"featured_media":0,"parent":0,"menu_order":0,"comment_status":"closed","ping_status":"closed","template":"","meta":{"ocean_post_layout":"","ocean_both_sidebars_style":"","ocean_both_sidebars_content_width":0,"ocean_both_sidebars_sidebars_width":0,"ocean_sidebar":"","ocean_second_sidebar":"","ocean_disable_margins":"enable","ocean_add_body_class":"","ocean_shortcode_before_top_bar":"","ocean_shortcode_after_top_bar":"","ocean_shortcode_before_header":"","ocean_shortcode_after_header":"","ocean_has_shortcode":"","ocean_shortcode_after_title":"","ocean_shortcode_before_footer_widgets":"","ocean_shortcode_after_footer_widgets":"","ocean_shortcode_before_footer_bottom":"","ocean_shortcode_after_footer_bottom":"","ocean_display_top_bar":"default","ocean_display_header":"default","ocean_header_style":"","ocean_center_header_left_menu":"","ocean_custom_header_template":"","ocean_custom_logo":0,"ocean_custom_retina_logo":0,"ocean_custom_logo_max_width":0,"ocean_custom_logo_tablet_max_width":0,"ocean_custom_logo_mobile_max_width":0,"ocean_custom_logo_max_height":0,"ocean_custom_logo_tablet_max_height":0,"ocean_custom_logo_mobile_max_height":0,"ocean_header_custom_menu":"","ocean_menu_typo_font_family":"","ocean_menu_typo_font_subset":"","ocean_menu_typo_font_size":0,"ocean_menu_typo_font_size_tablet":0,"ocean_menu_typo_font_size_mobile":0,"ocean_menu_typo_font_size_unit":"px","ocean_menu_typo_font_weight":"","ocean_menu_typo_font_weight_tablet":"","ocean_menu_typo_font_weight_mobile":"","ocean_menu_typo_transform":"","ocean_menu_typo_transform_tablet":"","ocean_menu_typo_transform_mobile":"","ocean_menu_typo_line_height":0,"ocean_menu_typo_line_height_tablet":0,"ocean_menu_typo_line_height_mobile":0,"ocean_menu_typo_line_height_unit":"","ocean_menu_typo_spacing":0,"ocean_menu_typo_spacing_tablet":0,"ocean_menu_typo_spacing_mobile":0,"ocean_menu_typo_spacing_unit":"","ocean_menu_link_color":"","ocean_menu_link_color_hover":"","ocean_menu_link_color_active":"","ocean_menu_link_background":"","ocean_menu_link_hover_background":"","ocean_menu_link_active_background":"","ocean_menu_social_links_bg":"","ocean_menu_social_hover_links_bg":"","ocean_menu_social_links_color":"","ocean_menu_social_hover_links_color":"","ocean_disable_title":"default","ocean_disable_heading":"default","ocean_post_title":"","ocean_post_subheading":"","ocean_post_title_style":"","ocean_post_title_background_color":"","ocean_post_title_background":0,"ocean_post_title_bg_image_position":"","ocean_post_title_bg_image_attachment":"","ocean_post_title_bg_image_repeat":"","ocean_post_title_bg_image_size":"","ocean_post_title_height":0,"ocean_post_title_bg_overlay":0.5,"ocean_post_title_bg_overlay_color":"","ocean_disable_breadcrumbs":"default","ocean_breadcrumbs_color":"","ocean_breadcrumbs_separator_color":"","ocean_breadcrumbs_links_color":"","ocean_breadcrumbs_links_hover_color":"","ocean_display_footer_widgets":"default","ocean_display_footer_bottom":"default","ocean_custom_footer_template":"","footnotes":""},"class_list":["post-619","page","type-page","status-publish","hentry","entry","owp-thumbs-layout-horizontal","owp-btn-normal","owp-tabs-layout-horizontal","has-no-thumbnails","has-product-nav"],"yoast_head":"<!-- This site is optimized with the Yoast SEO plugin v27.5 - https:\/\/yoast.com\/product\/yoast-seo-wordpress\/ -->\n<title>Terms Of Use For Baiyoke Sky Hotel By Triplyn Holidays<\/title>\n<meta name=\"description\" content=\"Explore The Terms Of Use For Baiyoke Sky Hotel, Where Triplyn Holidays Sells Tickets. Understand Rights And Responsibilities When Booking.\" \/>\n<meta name=\"robots\" content=\"noindex, follow\" \/>\n<meta property=\"og:locale\" content=\"fr_FR\" \/>\n<meta property=\"og:type\" content=\"article\" \/>\n<meta property=\"og:title\" content=\"Terms Of Use For Baiyoke Sky Hotel By Triplyn Holidays\" \/>\n<meta property=\"og:description\" content=\"Explore The Terms Of Use For Baiyoke Sky Hotel, Where Triplyn Holidays Sells Tickets. Understand Rights And Responsibilities When Booking.\" \/>\n<meta property=\"og:url\" content=\"https:\/\/baiyokeskyhotel.com\/fr\/conditions-dutilisation\/\" \/>\n<meta property=\"og:site_name\" content=\"Baiyoke Sky Hotel\" \/>\n<meta property=\"article:modified_time\" content=\"2026-04-29T12:12:11+00:00\" \/>\n<meta name=\"twitter:card\" content=\"summary_large_image\" \/>\n<meta name=\"twitter:label1\" content=\"Dur\u00e9e de lecture estim\u00e9e\" \/>\n\t<meta name=\"twitter:data1\" content=\"4 minutes\" \/>\n<script type=\"application\/ld+json\" class=\"yoast-schema-graph\">{\"@context\":\"https:\\\/\\\/schema.org\",\"@graph\":[{\"@type\":\"WebPage\",\"@id\":\"https:\\\/\\\/baiyokeskyhotel.com\\\/terms-of-usage\\\/\",\"url\":\"https:\\\/\\\/baiyokeskyhotel.com\\\/terms-of-usage\\\/\",\"name\":\"Terms Of Use For Baiyoke Sky Hotel By Triplyn Holidays\",\"isPartOf\":{\"@id\":\"https:\\\/\\\/baiyokeskyhotel.com\\\/#website\"},\"datePublished\":\"2024-09-04T10:55:37+00:00\",\"dateModified\":\"2026-04-29T12:12:11+00:00\",\"description\":\"Explore The Terms Of Use For Baiyoke Sky Hotel, Where Triplyn Holidays Sells Tickets. Understand Rights And Responsibilities When Booking.\",\"breadcrumb\":{\"@id\":\"https:\\\/\\\/baiyokeskyhotel.com\\\/terms-of-usage\\\/#breadcrumb\"},\"inLanguage\":\"fr-FR\",\"potentialAction\":[{\"@type\":\"ReadAction\",\"target\":[\"https:\\\/\\\/baiyokeskyhotel.com\\\/terms-of-usage\\\/\"]}]},{\"@type\":\"BreadcrumbList\",\"@id\":\"https:\\\/\\\/baiyokeskyhotel.com\\\/terms-of-usage\\\/#breadcrumb\",\"itemListElement\":[{\"@type\":\"ListItem\",\"position\":1,\"name\":\"Home\",\"item\":\"https:\\\/\\\/baiyokeskyhotel.com\\\/\"},{\"@type\":\"ListItem\",\"position\":2,\"name\":\"Terms Of Usage\"}]},{\"@type\":\"WebSite\",\"@id\":\"https:\\\/\\\/baiyokeskyhotel.com\\\/#website\",\"url\":\"https:\\\/\\\/baiyokeskyhotel.com\\\/\",\"name\":\"Baiyoke Sky Hotel\",\"description\":\"\",\"publisher\":{\"@id\":\"https:\\\/\\\/baiyokeskyhotel.com\\\/#organization\"},\"potentialAction\":[{\"@type\":\"SearchAction\",\"target\":{\"@type\":\"EntryPoint\",\"urlTemplate\":\"https:\\\/\\\/baiyokeskyhotel.com\\\/?s={search_term_string}\"},\"query-input\":{\"@type\":\"PropertyValueSpecification\",\"valueRequired\":true,\"valueName\":\"search_term_string\"}}],\"inLanguage\":\"fr-FR\"},{\"@type\":\"Organization\",\"@id\":\"https:\\\/\\\/baiyokeskyhotel.com\\\/#organization\",\"name\":\"Baiyoke Sky Hotel\",\"url\":\"https:\\\/\\\/baiyokeskyhotel.com\\\/\",\"logo\":{\"@type\":\"ImageObject\",\"inLanguage\":\"fr-FR\",\"@id\":\"https:\\\/\\\/baiyokeskyhotel.com\\\/#\\\/schema\\\/logo\\\/image\\\/\",\"url\":\"https:\\\/\\\/baiyokeskyhotel.com\\\/wp-content\\\/uploads\\\/2024\\\/08\\\/Baiyoke-Sky-Hotel-1.png\",\"contentUrl\":\"https:\\\/\\\/baiyokeskyhotel.com\\\/wp-content\\\/uploads\\\/2024\\\/08\\\/Baiyoke-Sky-Hotel-1.png\",\"width\":350,\"height\":100,\"caption\":\"Baiyoke Sky Hotel\"},\"image\":{\"@id\":\"https:\\\/\\\/baiyokeskyhotel.com\\\/#\\\/schema\\\/logo\\\/image\\\/\"}}]}<\/script>\n<!-- \/ Yoast SEO plugin. -->","yoast_head_json":{"title":"Conditions d&#039;utilisation de Baiyoke Sky Hotel de Triplyn Holidays","description":"D\u00e9couvrez les conditions d&#039;utilisation de Baiyoke Sky Hotel, o\u00f9 Triplyn Holidays vend des billets. Comprenez vos droits et responsabilit\u00e9s lors de la r\u00e9servation.","robots":{"index":"noindex","follow":"follow"},"og_locale":"fr_FR","og_type":"article","og_title":"Terms Of Use For Baiyoke Sky Hotel By Triplyn Holidays","og_description":"Explore The Terms Of Use For Baiyoke Sky Hotel, Where Triplyn Holidays Sells Tickets. Understand Rights And Responsibilities When Booking.","og_url":"https:\/\/baiyokeskyhotel.com\/fr\/conditions-dutilisation\/","og_site_name":"Baiyoke Sky Hotel","article_modified_time":"2026-04-29T12:12:11+00:00","twitter_card":"summary_large_image","twitter_misc":{"Dur\u00e9e de lecture estim\u00e9e":"4 minutes"},"schema":{"@context":"https:\/\/schema.org","@graph":[{"@type":"WebPage","@id":"https:\/\/baiyokeskyhotel.com\/terms-of-usage\/","url":"https:\/\/baiyokeskyhotel.com\/terms-of-usage\/","name":"Conditions d&#039;utilisation de Baiyoke Sky Hotel de Triplyn Holidays","isPartOf":{"@id":"https:\/\/baiyokeskyhotel.com\/#website"},"datePublished":"2024-09-04T10:55:37+00:00","dateModified":"2026-04-29T12:12:11+00:00","description":"D\u00e9couvrez les conditions d&#039;utilisation de Baiyoke Sky Hotel, o\u00f9 Triplyn Holidays vend des billets. Comprenez vos droits et responsabilit\u00e9s lors de la r\u00e9servation.","breadcrumb":{"@id":"https:\/\/baiyokeskyhotel.com\/terms-of-usage\/#breadcrumb"},"inLanguage":"fr-FR","potentialAction":[{"@type":"ReadAction","target":["https:\/\/baiyokeskyhotel.com\/terms-of-usage\/"]}]},{"@type":"BreadcrumbList","@id":"https:\/\/baiyokeskyhotel.com\/terms-of-usage\/#breadcrumb","itemListElement":[{"@type":"ListItem","position":1,"name":"Home","item":"https:\/\/baiyokeskyhotel.com\/"},{"@type":"ListItem","position":2,"name":"Terms Of Usage"}]},{"@type":"WebSite","@id":"https:\/\/baiyokeskyhotel.com\/#website","url":"https:\/\/baiyokeskyhotel.com\/","name":"H\u00f4tel Baiyoke Sky","description":"","publisher":{"@id":"https:\/\/baiyokeskyhotel.com\/#organization"},"potentialAction":[{"@type":"SearchAction","target":{"@type":"EntryPoint","urlTemplate":"https:\/\/baiyokeskyhotel.com\/?s={search_term_string}"},"query-input":{"@type":"PropertyValueSpecification","valueRequired":true,"valueName":"search_term_string"}}],"inLanguage":"fr-FR"},{"@type":"Organization","@id":"https:\/\/baiyokeskyhotel.com\/#organization","name":"H\u00f4tel Baiyoke Sky","url":"https:\/\/baiyokeskyhotel.com\/","logo":{"@type":"ImageObject","inLanguage":"fr-FR","@id":"https:\/\/baiyokeskyhotel.com\/#\/schema\/logo\/image\/","url":"https:\/\/baiyokeskyhotel.com\/wp-content\/uploads\/2024\/08\/Baiyoke-Sky-Hotel-1.png","contentUrl":"https:\/\/baiyokeskyhotel.com\/wp-content\/uploads\/2024\/08\/Baiyoke-Sky-Hotel-1.png","width":350,"height":100,"caption":"Baiyoke Sky Hotel"},"image":{"@id":"https:\/\/baiyokeskyhotel.com\/#\/schema\/logo\/image\/"}}]}},"jetpack_sharing_enabled":true,"_links":{"self":[{"href":"https:\/\/baiyokeskyhotel.com\/fr\/wp-json\/wp\/v2\/pages\/619","targetHints":{"allow":["GET"]}}],"collection":[{"href":"https:\/\/baiyokeskyhotel.com\/fr\/wp-json\/wp\/v2\/pages"}],"about":[{"href":"https:\/\/baiyokeskyhotel.com\/fr\/wp-json\/wp\/v2\/types\/page"}],"author":[{"embeddable":true,"href":"https:\/\/baiyokeskyhotel.com\/fr\/wp-json\/wp\/v2\/users\/1"}],"replies":[{"embeddable":true,"href":"https:\/\/baiyokeskyhotel.com\/fr\/wp-json\/wp\/v2\/comments?post=619"}],"version-history":[{"count":8,"href":"https:\/\/baiyokeskyhotel.com\/fr\/wp-json\/wp\/v2\/pages\/619\/revisions"}],"predecessor-version":[{"id":4090,"href":"https:\/\/baiyokeskyhotel.com\/fr\/wp-json\/wp\/v2\/pages\/619\/revisions\/4090"}],"wp:attachment":[{"href":"https:\/\/baiyokeskyhotel.com\/fr\/wp-json\/wp\/v2\/media?parent=619"}],"curies":[{"name":"wp","href":"https:\/\/api.w.org\/{rel}","templated":true}]}}