{"id":1350,"date":"2024-10-18T22:23:56","date_gmt":"2024-10-18T16:53:56","guid":{"rendered":"https:\/\/baiyokeskyhotel.com\/?page_id=1350"},"modified":"2025-05-19T12:06:06","modified_gmt":"2025-05-19T06:36:06","slug":"contact-us","status":"publish","type":"page","link":"https:\/\/baiyokeskyhotel.com\/es\/contactenos\/","title":{"rendered":"Cont\u00e1ctenos"},"content":{"rendered":"<div data-elementor-type=\"wp-page\" data-elementor-id=\"1350\" class=\"elementor elementor-1350\" data-elementor-post-type=\"page\">\n\t\t\t\t\t\t<section data-particle_enable=\"false\" data-particle-mobile-disabled=\"false\" class=\"elementor-section elementor-top-section elementor-element elementor-element-9234e60 elementor-section-boxed elementor-section-height-default elementor-section-height-default\" data-id=\"9234e60\" data-element_type=\"section\" data-e-type=\"section\">\n\t\t\t\t\t\t<div class=\"elementor-container elementor-column-gap-default\">\n\t\t\t\t\t<div class=\"elementor-column elementor-col-100 elementor-top-column elementor-element elementor-element-de77f00\" data-id=\"de77f00\" data-element_type=\"column\" data-e-type=\"column\">\n\t\t\t<div class=\"elementor-widget-wrap elementor-element-populated\">\n\t\t\t\t\t\t<div class=\"elementor-element elementor-element-44daa63 elementor-widget elementor-widget-text-editor\" data-id=\"44daa63\" data-element_type=\"widget\" data-e-type=\"widget\" data-widget_type=\"text-editor.default\">\n\t\t\t\t<div class=\"elementor-widget-container\">\n\t\t\t\t\t\t\t\t\t<h1 style=\"text-align: center;\"><span style=\"color: #000000;\">Cont\u00e1ctenos<\/span><\/h1><p><span style=\"color: #000000;\">En Baiyoke Sky Hotel, nos comprometemos a brindar una experiencia agradable y memorable para su visita. Si tiene preguntas sobre reservas de boletos para el <a href=\"https:\/\/baiyokeskyhotel.com\/es\/\">Buf\u00e9 del cielo Baiyoke<\/a>, necesita ayuda con sus planes de viaje o tiene alguna otra consulta, estamos aqu\u00ed para ayudarle.<\/span><\/p><h2><span style=\"color: #000000;\">C\u00f3mo llegar a nosotros<\/span><\/h2><p><span style=\"color: #000000;\">Para cualquier consulta, no dude en contactarnos y le garantizaremos una respuesta r\u00e1pida.<\/span><\/p><p><strong><span style=\"color: #000000;\">Correo electr\u00f3nico: <a style=\"color: #000000;\" href=\"mailto:contact@baiyokeskyhotel.com\" rel=\"noopener\">contact@baiyokeskyhotel.com<\/a><\/span><\/strong><\/p><h3><a href=\"https:\/\/direct.lc.chat\/18378282\/\"><span style=\"color: #000000;\">Chat en vivo<\/span><\/a><\/h3><p><span style=\"color: #000000;\">Puede comunicarse con nosotros directamente a trav\u00e9s de la funci\u00f3n de chat en vivo en nuestro sitio web para obtener asistencia instant\u00e1nea.<\/span><\/p><h2><span style=\"color: #000000;\">Horario de atenci\u00f3n al cliente<\/span><\/h2><p><span style=\"color: #000000;\">Nuestro equipo de atenci\u00f3n al cliente est\u00e1 disponible las 24 horas para ayudarle:<\/span><br \/><span style=\"color: #000000;\">\ud83d\udd52 <strong>Disponibilidad de soporte:<\/strong> 24 horas al d\u00eda, 7 d\u00edas a la semana, todos los d\u00edas.<\/span><\/p><h2><span style=\"color: #000000;\">P\u00f3ngase en contacto con Baiyoke Sky Hotel<\/span><\/h2><p><span style=\"color: #000000;\">En <a href=\"https:\/\/baiyokeskyhotel.com\/es\/\">Hotel Baiyoke Sky<\/a>Nos esforzamos por brindar un servicio al cliente de primer nivel para garantizar que su viaje sea agradable y sin complicaciones. No dude en comunicarse con nosotros si necesita ayuda con reservas, pagos o consultas generales.<\/span><\/p><p><span style=\"color: #000000;\">Esperamos poder ayudarle a planificar su emocionante aventura en <a href=\"https:\/\/baiyokeskyhotel.com\/es\/\">Hotel Baiyoke Sky<\/a>!<\/span><\/p>\t\t\t\t\t\t\t\t<\/div>\n\t\t\t\t<\/div>\n\t\t\t\t\t<\/div>\n\t\t<\/div>\n\t\t\t\t\t<\/div>\n\t\t<\/section>\n\t\t\t\t<\/div>","protected":false},"excerpt":{"rendered":"<p>Contact Us At Baiyoke Sky Hotel, we are committed to providing a smooth and memorable experience for your visit. Whether you have questions regarding ticket bookings for the Baiyoke Sky Buffet, need assistance with your travel plans, or have any other inquiries, we are here to help. How to Reach Us For any inquiries, feel [&hellip;]<\/p>\n","protected":false},"author":1,"featured_media":0,"parent":0,"menu_order":0,"comment_status":"closed","ping_status":"closed","template":"","meta":{"ocean_post_layout":"","ocean_both_sidebars_style":"","ocean_both_sidebars_content_width":0,"ocean_both_sidebars_sidebars_width":0,"ocean_sidebar":"","ocean_second_sidebar":"","ocean_disable_margins":"enable","ocean_add_body_class":"","ocean_shortcode_before_top_bar":"","ocean_shortcode_after_top_bar":"","ocean_shortcode_before_header":"","ocean_shortcode_after_header":"","ocean_has_shortcode":"","ocean_shortcode_after_title":"","ocean_shortcode_before_footer_widgets":"","ocean_shortcode_after_footer_widgets":"","ocean_shortcode_before_footer_bottom":"","ocean_shortcode_after_footer_bottom":"","ocean_display_top_bar":"default","ocean_display_header":"default","ocean_header_style":"","ocean_center_header_left_menu":"","ocean_custom_header_template":"","ocean_custom_logo":0,"ocean_custom_retina_logo":0,"ocean_custom_logo_max_width":0,"ocean_custom_logo_tablet_max_width":0,"ocean_custom_logo_mobile_max_width":0,"ocean_custom_logo_max_height":0,"ocean_custom_logo_tablet_max_height":0,"ocean_custom_logo_mobile_max_height":0,"ocean_header_custom_menu":"","ocean_menu_typo_font_family":"","ocean_menu_typo_font_subset":"","ocean_menu_typo_font_size":0,"ocean_menu_typo_font_size_tablet":0,"ocean_menu_typo_font_size_mobile":0,"ocean_menu_typo_font_size_unit":"px","ocean_menu_typo_font_weight":"","ocean_menu_typo_font_weight_tablet":"","ocean_menu_typo_font_weight_mobile":"","ocean_menu_typo_transform":"","ocean_menu_typo_transform_tablet":"","ocean_menu_typo_transform_mobile":"","ocean_menu_typo_line_height":0,"ocean_menu_typo_line_height_tablet":0,"ocean_menu_typo_line_height_mobile":0,"ocean_menu_typo_line_height_unit":"","ocean_menu_typo_spacing":0,"ocean_menu_typo_spacing_tablet":0,"ocean_menu_typo_spacing_mobile":0,"ocean_menu_typo_spacing_unit":"","ocean_menu_link_color":"","ocean_menu_link_color_hover":"","ocean_menu_link_color_active":"","ocean_menu_link_background":"","ocean_menu_link_hover_background":"","ocean_menu_link_active_background":"","ocean_menu_social_links_bg":"","ocean_menu_social_hover_links_bg":"","ocean_menu_social_links_color":"","ocean_menu_social_hover_links_color":"","ocean_disable_title":"default","ocean_disable_heading":"default","ocean_post_title":"","ocean_post_subheading":"","ocean_post_title_style":"","ocean_post_title_background_color":"","ocean_post_title_background":0,"ocean_post_title_bg_image_position":"","ocean_post_title_bg_image_attachment":"","ocean_post_title_bg_image_repeat":"","ocean_post_title_bg_image_size":"","ocean_post_title_height":0,"ocean_post_title_bg_overlay":0.5,"ocean_post_title_bg_overlay_color":"","ocean_disable_breadcrumbs":"default","ocean_breadcrumbs_color":"","ocean_breadcrumbs_separator_color":"","ocean_breadcrumbs_links_color":"","ocean_breadcrumbs_links_hover_color":"","ocean_display_footer_widgets":"default","ocean_display_footer_bottom":"default","ocean_custom_footer_template":"","footnotes":""},"class_list":["post-1350","page","type-page","status-publish","hentry","entry","owp-thumbs-layout-horizontal","owp-btn-normal","owp-tabs-layout-horizontal","has-no-thumbnails","has-product-nav"],"yoast_head":"<!-- This site is optimized with the Yoast SEO plugin v27.3 - https:\/\/yoast.com\/product\/yoast-seo-wordpress\/ -->\n<title>Contact Baiyoke Sky Hotel For Tickets By Triplyn Holidays<\/title>\n<meta name=\"description\" content=\"Get In Touch With Baiyoke Sky Hotel For Any Inquiries. Triplyn Holidays Sells Tickets To Our Buffet. Email Us At contact@baiyokeskyhotel.com!\" \/>\n<meta name=\"robots\" content=\"noindex, follow\" \/>\n<meta property=\"og:locale\" content=\"es_ES\" \/>\n<meta property=\"og:type\" content=\"article\" \/>\n<meta property=\"og:title\" content=\"Contact Baiyoke Sky Hotel For Tickets By Triplyn Holidays\" \/>\n<meta property=\"og:description\" content=\"Get In Touch With Baiyoke Sky Hotel For Any Inquiries. Triplyn Holidays Sells Tickets To Our Buffet. Email Us At contact@baiyokeskyhotel.com!\" \/>\n<meta property=\"og:url\" content=\"https:\/\/baiyokeskyhotel.com\/es\/contactenos\/\" \/>\n<meta property=\"og:site_name\" content=\"Baiyoke Sky Hotel\" \/>\n<meta property=\"article:modified_time\" content=\"2025-05-19T06:36:06+00:00\" \/>\n<meta name=\"twitter:card\" content=\"summary_large_image\" \/>\n<meta name=\"twitter:label1\" content=\"Tiempo de lectura\" \/>\n\t<meta name=\"twitter:data1\" content=\"1 minuto\" \/>\n<script type=\"application\/ld+json\" class=\"yoast-schema-graph\">{\"@context\":\"https:\\\/\\\/schema.org\",\"@graph\":[{\"@type\":\"WebPage\",\"@id\":\"https:\\\/\\\/baiyokeskyhotel.com\\\/contact-us\\\/\",\"url\":\"https:\\\/\\\/baiyokeskyhotel.com\\\/contact-us\\\/\",\"name\":\"Contact Baiyoke Sky Hotel For Tickets By Triplyn Holidays\",\"isPartOf\":{\"@id\":\"https:\\\/\\\/baiyokeskyhotel.com\\\/#website\"},\"datePublished\":\"2024-10-18T16:53:56+00:00\",\"dateModified\":\"2025-05-19T06:36:06+00:00\",\"description\":\"Get In Touch With Baiyoke Sky Hotel For Any Inquiries. Triplyn Holidays Sells Tickets To Our Buffet. Email Us At contact@baiyokeskyhotel.com!\",\"breadcrumb\":{\"@id\":\"https:\\\/\\\/baiyokeskyhotel.com\\\/contact-us\\\/#breadcrumb\"},\"inLanguage\":\"es\",\"potentialAction\":[{\"@type\":\"ReadAction\",\"target\":[\"https:\\\/\\\/baiyokeskyhotel.com\\\/contact-us\\\/\"]}]},{\"@type\":\"BreadcrumbList\",\"@id\":\"https:\\\/\\\/baiyokeskyhotel.com\\\/contact-us\\\/#breadcrumb\",\"itemListElement\":[{\"@type\":\"ListItem\",\"position\":1,\"name\":\"Home\",\"item\":\"https:\\\/\\\/baiyokeskyhotel.com\\\/\"},{\"@type\":\"ListItem\",\"position\":2,\"name\":\"Contact Us\"}]},{\"@type\":\"WebSite\",\"@id\":\"https:\\\/\\\/baiyokeskyhotel.com\\\/#website\",\"url\":\"https:\\\/\\\/baiyokeskyhotel.com\\\/\",\"name\":\"Baiyoke Sky Hotel\",\"description\":\"\",\"publisher\":{\"@id\":\"https:\\\/\\\/baiyokeskyhotel.com\\\/#organization\"},\"potentialAction\":[{\"@type\":\"SearchAction\",\"target\":{\"@type\":\"EntryPoint\",\"urlTemplate\":\"https:\\\/\\\/baiyokeskyhotel.com\\\/?s={search_term_string}\"},\"query-input\":{\"@type\":\"PropertyValueSpecification\",\"valueRequired\":true,\"valueName\":\"search_term_string\"}}],\"inLanguage\":\"es\"},{\"@type\":\"Organization\",\"@id\":\"https:\\\/\\\/baiyokeskyhotel.com\\\/#organization\",\"name\":\"Baiyoke Sky Hotel\",\"url\":\"https:\\\/\\\/baiyokeskyhotel.com\\\/\",\"logo\":{\"@type\":\"ImageObject\",\"inLanguage\":\"es\",\"@id\":\"https:\\\/\\\/baiyokeskyhotel.com\\\/#\\\/schema\\\/logo\\\/image\\\/\",\"url\":\"https:\\\/\\\/baiyokeskyhotel.com\\\/wp-content\\\/uploads\\\/2024\\\/08\\\/Baiyoke-Sky-Hotel-1.png\",\"contentUrl\":\"https:\\\/\\\/baiyokeskyhotel.com\\\/wp-content\\\/uploads\\\/2024\\\/08\\\/Baiyoke-Sky-Hotel-1.png\",\"width\":350,\"height\":100,\"caption\":\"Baiyoke Sky Hotel\"},\"image\":{\"@id\":\"https:\\\/\\\/baiyokeskyhotel.com\\\/#\\\/schema\\\/logo\\\/image\\\/\"}}]}<\/script>\n<!-- \/ Yoast SEO plugin. -->","yoast_head_json":{"title":"Comun\u00edquese con Baiyoke Sky Hotel para adquirir boletos de Triplyn Holidays","description":"P\u00f3ngase en contacto con Baiyoke Sky Hotel para cualquier consulta. Triplyn Holidays vende entradas para nuestro buf\u00e9. Env\u00edenos un correo electr\u00f3nico a contact@baiyokeskyhotel.com.","robots":{"index":"noindex","follow":"follow"},"og_locale":"es_ES","og_type":"article","og_title":"Contact Baiyoke Sky Hotel For Tickets By Triplyn Holidays","og_description":"Get In Touch With Baiyoke Sky Hotel For Any Inquiries. Triplyn Holidays Sells Tickets To Our Buffet. Email Us At contact@baiyokeskyhotel.com!","og_url":"https:\/\/baiyokeskyhotel.com\/es\/contactenos\/","og_site_name":"Baiyoke Sky Hotel","article_modified_time":"2025-05-19T06:36:06+00:00","twitter_card":"summary_large_image","twitter_misc":{"Tiempo de lectura":"1 minuto"},"schema":{"@context":"https:\/\/schema.org","@graph":[{"@type":"WebPage","@id":"https:\/\/baiyokeskyhotel.com\/contact-us\/","url":"https:\/\/baiyokeskyhotel.com\/contact-us\/","name":"Comun\u00edquese con Baiyoke Sky Hotel para adquirir boletos de Triplyn Holidays","isPartOf":{"@id":"https:\/\/baiyokeskyhotel.com\/#website"},"datePublished":"2024-10-18T16:53:56+00:00","dateModified":"2025-05-19T06:36:06+00:00","description":"P\u00f3ngase en contacto con Baiyoke Sky Hotel para cualquier consulta. Triplyn Holidays vende entradas para nuestro buf\u00e9. Env\u00edenos un correo electr\u00f3nico a contact@baiyokeskyhotel.com.","breadcrumb":{"@id":"https:\/\/baiyokeskyhotel.com\/contact-us\/#breadcrumb"},"inLanguage":"es","potentialAction":[{"@type":"ReadAction","target":["https:\/\/baiyokeskyhotel.com\/contact-us\/"]}]},{"@type":"BreadcrumbList","@id":"https:\/\/baiyokeskyhotel.com\/contact-us\/#breadcrumb","itemListElement":[{"@type":"ListItem","position":1,"name":"Home","item":"https:\/\/baiyokeskyhotel.com\/"},{"@type":"ListItem","position":2,"name":"Contact Us"}]},{"@type":"WebSite","@id":"https:\/\/baiyokeskyhotel.com\/#website","url":"https:\/\/baiyokeskyhotel.com\/","name":"Hotel Baiyoke Sky","description":"","publisher":{"@id":"https:\/\/baiyokeskyhotel.com\/#organization"},"potentialAction":[{"@type":"SearchAction","target":{"@type":"EntryPoint","urlTemplate":"https:\/\/baiyokeskyhotel.com\/?s={search_term_string}"},"query-input":{"@type":"PropertyValueSpecification","valueRequired":true,"valueName":"search_term_string"}}],"inLanguage":"es"},{"@type":"Organization","@id":"https:\/\/baiyokeskyhotel.com\/#organization","name":"Hotel Baiyoke Sky","url":"https:\/\/baiyokeskyhotel.com\/","logo":{"@type":"ImageObject","inLanguage":"es","@id":"https:\/\/baiyokeskyhotel.com\/#\/schema\/logo\/image\/","url":"https:\/\/baiyokeskyhotel.com\/wp-content\/uploads\/2024\/08\/Baiyoke-Sky-Hotel-1.png","contentUrl":"https:\/\/baiyokeskyhotel.com\/wp-content\/uploads\/2024\/08\/Baiyoke-Sky-Hotel-1.png","width":350,"height":100,"caption":"Baiyoke Sky Hotel"},"image":{"@id":"https:\/\/baiyokeskyhotel.com\/#\/schema\/logo\/image\/"}}]}},"jetpack_sharing_enabled":true,"_links":{"self":[{"href":"https:\/\/baiyokeskyhotel.com\/es\/wp-json\/wp\/v2\/pages\/1350","targetHints":{"allow":["GET"]}}],"collection":[{"href":"https:\/\/baiyokeskyhotel.com\/es\/wp-json\/wp\/v2\/pages"}],"about":[{"href":"https:\/\/baiyokeskyhotel.com\/es\/wp-json\/wp\/v2\/types\/page"}],"author":[{"embeddable":true,"href":"https:\/\/baiyokeskyhotel.com\/es\/wp-json\/wp\/v2\/users\/1"}],"replies":[{"embeddable":true,"href":"https:\/\/baiyokeskyhotel.com\/es\/wp-json\/wp\/v2\/comments?post=1350"}],"version-history":[{"count":19,"href":"https:\/\/baiyokeskyhotel.com\/es\/wp-json\/wp\/v2\/pages\/1350\/revisions"}],"predecessor-version":[{"id":2194,"href":"https:\/\/baiyokeskyhotel.com\/es\/wp-json\/wp\/v2\/pages\/1350\/revisions\/2194"}],"wp:attachment":[{"href":"https:\/\/baiyokeskyhotel.com\/es\/wp-json\/wp\/v2\/media?parent=1350"}],"curies":[{"name":"wp","href":"https:\/\/api.w.org\/{rel}","templated":true}]}}