{"id":1265,"date":"2024-10-18T22:21:08","date_gmt":"2024-10-18T16:51:08","guid":{"rendered":"https:\/\/baiyokeskyhotel.com\/?page_id=1265"},"modified":"2024-10-18T22:28:40","modified_gmt":"2024-10-18T16:58:40","slug":"cancellation-refund-policy","status":"publish","type":"page","link":"https:\/\/baiyokeskyhotel.com\/es\/politica-de-reembolso-por-cancelacion\/","title":{"rendered":"Pol\u00edtica de cancelaci\u00f3n y reembolso"},"content":{"rendered":"<div data-elementor-type=\"wp-page\" data-elementor-id=\"1265\" class=\"elementor elementor-1265\" data-elementor-post-type=\"page\">\n\t\t\t\t\t\t<section data-particle_enable=\"false\" data-particle-mobile-disabled=\"false\" class=\"elementor-section elementor-top-section elementor-element elementor-element-627d279 elementor-section-boxed elementor-section-height-default elementor-section-height-default\" data-id=\"627d279\" data-element_type=\"section\" data-e-type=\"section\">\n\t\t\t\t\t\t<div class=\"elementor-container elementor-column-gap-default\">\n\t\t\t\t\t<div class=\"elementor-column elementor-col-100 elementor-top-column elementor-element elementor-element-42054a4\" data-id=\"42054a4\" data-element_type=\"column\" data-e-type=\"column\">\n\t\t\t<div class=\"elementor-widget-wrap elementor-element-populated\">\n\t\t\t\t\t\t<div class=\"elementor-element elementor-element-db3b7d8 elementor-widget elementor-widget-text-editor\" data-id=\"db3b7d8\" data-element_type=\"widget\" data-e-type=\"widget\" data-widget_type=\"text-editor.default\">\n\t\t\t\t<div class=\"elementor-widget-container\">\n\t\t\t\t\t\t\t\t\t<h1 style=\"text-align: center;\"><span style=\"color: #000000;\">Pol\u00edtica de cancelaci\u00f3n y reembolso \u2013 Baiyoke Sky Hotel<\/span><\/h1><p><span style=\"color: #000000;\">En Baiyoke Sky Hotel, operado por Triplyn Holidays, nos esforzamos por brindar una experiencia perfecta para nuestros clientes. Tenga en cuenta que todas las ventas de boletos para Baiyoke Sky Buffet son definitivas y no ofrecemos cancelaciones ni reembolsos.<\/span><\/p><h2><span style=\"color: #000000;\">1. Pol\u00edtica general<\/span><\/h2><ul><li><span style=\"color: #000000;\"><strong>Ventas finales:<\/strong> Todas las compras de <a href=\"https:\/\/baiyokeskyhotel.com\/es\/\">Buf\u00e9 del cielo Baiyoke<\/a> Las entradas no son reembolsables ni cancelables. Le recomendamos que confirme los datos de su reserva antes de completar la compra.<\/span><\/li><\/ul><h2><span style=\"color: #000000;\">2. Billetes no reembolsables<\/span><\/h2><ul><li><span style=\"color: #000000;\"><strong>Condiciones de las entradas:<\/strong> Todas las entradas vendidas para el Baiyoke Sky Buffet no son reembolsables, incluidas las adquiridas durante los per\u00edodos promocionales. Esta informaci\u00f3n se indica claramente en el momento de la compra. Revise los t\u00e9rminos asociados con su entrada antes de finalizar su reserva.<\/span><\/li><\/ul><h2><span style=\"color: #000000;\">3. No presentarse y cancelaciones el mismo d\u00eda<\/span><\/h2><ul><li><span style=\"color: #000000;\"><strong>Pol\u00edtica sobre inasistencias:<\/strong> Si no se presenta a la visita programada o cancela el d\u00eda de la misma, no se realizar\u00e1n reembolsos. Le recomendamos que se asegure de asistir, ya que no podemos realizar cambios una vez confirmada la reserva.<\/span><\/li><\/ul><h2><span style=\"color: #000000;\">4. Informaci\u00f3n de contacto<\/span><\/h2><p><span style=\"color: #000000;\">Para cualquier consulta sobre su reserva, por favor cont\u00e1ctenos en:<\/span><\/p><ul><li><span style=\"color: #000000;\"><strong>Correo electr\u00f3nico:<\/strong> <a style=\"color: #000000;\" href=\"mailto:contact@baiyokeskyhotel.com\" rel=\"noopener\">contact@baiyokeskyhotel.com<\/a><\/span><\/li><li><span style=\"color: #000000;\"><strong>Sitio web:<\/strong> Vis\u00edtanos en <a style=\"color: #000000;\" href=\"https:\/\/baiyokeskyhotel.com\/es\/\" target=\"_new\" rel=\"noopener\">hotelbaiyokesky.com<\/a><\/span><\/li><\/ul><p><span style=\"color: #000000;\">Nuestro objetivo es responder a todas las consultas dentro de las 24 horas.<\/span><\/p><h2><span style=\"color: #000000;\">5. Cambios en la pol\u00edtica<\/span><\/h2><p><span style=\"color: #000000;\"><a href=\"https:\/\/baiyokeskyhotel.com\/es\/\">Hotel Baiyoke Sky<\/a> se reserva el derecho de actualizar o modificar esta Pol\u00edtica de cancelaci\u00f3n y reembolso en cualquier momento. Cualquier cambio se publicar\u00e1 en nuestro sitio web y es su responsabilidad revisar la pol\u00edtica peri\u00f3dicamente.<\/span><\/p>\t\t\t\t\t\t\t\t<\/div>\n\t\t\t\t<\/div>\n\t\t\t\t\t<\/div>\n\t\t<\/div>\n\t\t\t\t\t<\/div>\n\t\t<\/section>\n\t\t\t\t<\/div>","protected":false},"excerpt":{"rendered":"<p>Cancellation &amp; Refund Policy \u2013 Baiyoke Sky Hotel At Baiyoke Sky Hotel, operated by Triplyn Holidays, we strive to provide a seamless experience for our customers. Please be aware that all ticket sales for Baiyoke Sky Buffet are final, and we do not offer cancellations or refunds. 1. General Policy Final Sales: All purchases of [&hellip;]<\/p>\n","protected":false},"author":1,"featured_media":0,"parent":0,"menu_order":0,"comment_status":"closed","ping_status":"closed","template":"","meta":{"ocean_post_layout":"","ocean_both_sidebars_style":"","ocean_both_sidebars_content_width":0,"ocean_both_sidebars_sidebars_width":0,"ocean_sidebar":"","ocean_second_sidebar":"","ocean_disable_margins":"enable","ocean_add_body_class":"","ocean_shortcode_before_top_bar":"","ocean_shortcode_after_top_bar":"","ocean_shortcode_before_header":"","ocean_shortcode_after_header":"","ocean_has_shortcode":"","ocean_shortcode_after_title":"","ocean_shortcode_before_footer_widgets":"","ocean_shortcode_after_footer_widgets":"","ocean_shortcode_before_footer_bottom":"","ocean_shortcode_after_footer_bottom":"","ocean_display_top_bar":"default","ocean_display_header":"default","ocean_header_style":"","ocean_center_header_left_menu":"","ocean_custom_header_template":"","ocean_custom_logo":0,"ocean_custom_retina_logo":0,"ocean_custom_logo_max_width":0,"ocean_custom_logo_tablet_max_width":0,"ocean_custom_logo_mobile_max_width":0,"ocean_custom_logo_max_height":0,"ocean_custom_logo_tablet_max_height":0,"ocean_custom_logo_mobile_max_height":0,"ocean_header_custom_menu":"","ocean_menu_typo_font_family":"","ocean_menu_typo_font_subset":"","ocean_menu_typo_font_size":0,"ocean_menu_typo_font_size_tablet":0,"ocean_menu_typo_font_size_mobile":0,"ocean_menu_typo_font_size_unit":"px","ocean_menu_typo_font_weight":"","ocean_menu_typo_font_weight_tablet":"","ocean_menu_typo_font_weight_mobile":"","ocean_menu_typo_transform":"","ocean_menu_typo_transform_tablet":"","ocean_menu_typo_transform_mobile":"","ocean_menu_typo_line_height":0,"ocean_menu_typo_line_height_tablet":0,"ocean_menu_typo_line_height_mobile":0,"ocean_menu_typo_line_height_unit":"","ocean_menu_typo_spacing":0,"ocean_menu_typo_spacing_tablet":0,"ocean_menu_typo_spacing_mobile":0,"ocean_menu_typo_spacing_unit":"","ocean_menu_link_color":"","ocean_menu_link_color_hover":"","ocean_menu_link_color_active":"","ocean_menu_link_background":"","ocean_menu_link_hover_background":"","ocean_menu_link_active_background":"","ocean_menu_social_links_bg":"","ocean_menu_social_hover_links_bg":"","ocean_menu_social_links_color":"","ocean_menu_social_hover_links_color":"","ocean_disable_title":"default","ocean_disable_heading":"default","ocean_post_title":"","ocean_post_subheading":"","ocean_post_title_style":"","ocean_post_title_background_color":"","ocean_post_title_background":0,"ocean_post_title_bg_image_position":"","ocean_post_title_bg_image_attachment":"","ocean_post_title_bg_image_repeat":"","ocean_post_title_bg_image_size":"","ocean_post_title_height":0,"ocean_post_title_bg_overlay":0.5,"ocean_post_title_bg_overlay_color":"","ocean_disable_breadcrumbs":"default","ocean_breadcrumbs_color":"","ocean_breadcrumbs_separator_color":"","ocean_breadcrumbs_links_color":"","ocean_breadcrumbs_links_hover_color":"","ocean_display_footer_widgets":"default","ocean_display_footer_bottom":"default","ocean_custom_footer_template":"","footnotes":""},"class_list":["post-1265","page","type-page","status-publish","hentry","entry","owp-thumbs-layout-horizontal","owp-btn-normal","owp-tabs-layout-horizontal","has-no-thumbnails","has-product-nav"],"yoast_head":"<!-- This site is optimized with the Yoast SEO plugin v27.4 - https:\/\/yoast.com\/product\/yoast-seo-wordpress\/ -->\n<title>Cancellation And Refund Policy By Triplyn Holidays<\/title>\n<meta name=\"description\" content=\"Review The Cancellation And Refund Policy For Baiyoke Sky Hotel. Triplyn Holidays Ensures Clear Guidelines For Ticket Bookings And Refunds.\" \/>\n<meta name=\"robots\" content=\"noindex, follow\" \/>\n<meta property=\"og:locale\" content=\"es_ES\" \/>\n<meta property=\"og:type\" content=\"article\" \/>\n<meta property=\"og:title\" content=\"Cancellation And Refund Policy By Triplyn Holidays\" \/>\n<meta property=\"og:description\" content=\"Review The Cancellation And Refund Policy For Baiyoke Sky Hotel. Triplyn Holidays Ensures Clear Guidelines For Ticket Bookings And Refunds.\" \/>\n<meta property=\"og:url\" content=\"https:\/\/baiyokeskyhotel.com\/es\/politica-de-reembolso-por-cancelacion\/\" \/>\n<meta property=\"og:site_name\" content=\"Baiyoke Sky Hotel\" \/>\n<meta property=\"article:modified_time\" content=\"2024-10-18T16:58:40+00:00\" \/>\n<meta name=\"twitter:card\" content=\"summary_large_image\" \/>\n<meta name=\"twitter:label1\" content=\"Tiempo de lectura\" \/>\n\t<meta name=\"twitter:data1\" content=\"2 minutos\" \/>\n<script type=\"application\/ld+json\" class=\"yoast-schema-graph\">{\"@context\":\"https:\\\/\\\/schema.org\",\"@graph\":[{\"@type\":\"WebPage\",\"@id\":\"https:\\\/\\\/baiyokeskyhotel.com\\\/cancellation-refund-policy\\\/\",\"url\":\"https:\\\/\\\/baiyokeskyhotel.com\\\/cancellation-refund-policy\\\/\",\"name\":\"Cancellation And Refund Policy By Triplyn Holidays\",\"isPartOf\":{\"@id\":\"https:\\\/\\\/baiyokeskyhotel.com\\\/#website\"},\"datePublished\":\"2024-10-18T16:51:08+00:00\",\"dateModified\":\"2024-10-18T16:58:40+00:00\",\"description\":\"Review The Cancellation And Refund Policy For Baiyoke Sky Hotel. Triplyn Holidays Ensures Clear Guidelines For Ticket Bookings And Refunds.\",\"breadcrumb\":{\"@id\":\"https:\\\/\\\/baiyokeskyhotel.com\\\/cancellation-refund-policy\\\/#breadcrumb\"},\"inLanguage\":\"es\",\"potentialAction\":[{\"@type\":\"ReadAction\",\"target\":[\"https:\\\/\\\/baiyokeskyhotel.com\\\/cancellation-refund-policy\\\/\"]}]},{\"@type\":\"BreadcrumbList\",\"@id\":\"https:\\\/\\\/baiyokeskyhotel.com\\\/cancellation-refund-policy\\\/#breadcrumb\",\"itemListElement\":[{\"@type\":\"ListItem\",\"position\":1,\"name\":\"Home\",\"item\":\"https:\\\/\\\/baiyokeskyhotel.com\\\/\"},{\"@type\":\"ListItem\",\"position\":2,\"name\":\"Cancellation &amp; Refund Policy\"}]},{\"@type\":\"WebSite\",\"@id\":\"https:\\\/\\\/baiyokeskyhotel.com\\\/#website\",\"url\":\"https:\\\/\\\/baiyokeskyhotel.com\\\/\",\"name\":\"Baiyoke Sky Hotel\",\"description\":\"\",\"publisher\":{\"@id\":\"https:\\\/\\\/baiyokeskyhotel.com\\\/#organization\"},\"potentialAction\":[{\"@type\":\"SearchAction\",\"target\":{\"@type\":\"EntryPoint\",\"urlTemplate\":\"https:\\\/\\\/baiyokeskyhotel.com\\\/?s={search_term_string}\"},\"query-input\":{\"@type\":\"PropertyValueSpecification\",\"valueRequired\":true,\"valueName\":\"search_term_string\"}}],\"inLanguage\":\"es\"},{\"@type\":\"Organization\",\"@id\":\"https:\\\/\\\/baiyokeskyhotel.com\\\/#organization\",\"name\":\"Baiyoke Sky Hotel\",\"url\":\"https:\\\/\\\/baiyokeskyhotel.com\\\/\",\"logo\":{\"@type\":\"ImageObject\",\"inLanguage\":\"es\",\"@id\":\"https:\\\/\\\/baiyokeskyhotel.com\\\/#\\\/schema\\\/logo\\\/image\\\/\",\"url\":\"https:\\\/\\\/baiyokeskyhotel.com\\\/wp-content\\\/uploads\\\/2024\\\/08\\\/Baiyoke-Sky-Hotel-1.png\",\"contentUrl\":\"https:\\\/\\\/baiyokeskyhotel.com\\\/wp-content\\\/uploads\\\/2024\\\/08\\\/Baiyoke-Sky-Hotel-1.png\",\"width\":350,\"height\":100,\"caption\":\"Baiyoke Sky Hotel\"},\"image\":{\"@id\":\"https:\\\/\\\/baiyokeskyhotel.com\\\/#\\\/schema\\\/logo\\\/image\\\/\"}}]}<\/script>\n<!-- \/ Yoast SEO plugin. -->","yoast_head_json":{"title":"Pol\u00edtica de cancelaci\u00f3n y reembolso de Triplyn Holidays","description":"Revise la pol\u00edtica de cancelaci\u00f3n y reembolso de Baiyoke Sky Hotel. Triplyn Holidays garantiza pautas claras para reservas de boletos y reembolsos.","robots":{"index":"noindex","follow":"follow"},"og_locale":"es_ES","og_type":"article","og_title":"Cancellation And Refund Policy By Triplyn Holidays","og_description":"Review The Cancellation And Refund Policy For Baiyoke Sky Hotel. Triplyn Holidays Ensures Clear Guidelines For Ticket Bookings And Refunds.","og_url":"https:\/\/baiyokeskyhotel.com\/es\/politica-de-reembolso-por-cancelacion\/","og_site_name":"Baiyoke Sky Hotel","article_modified_time":"2024-10-18T16:58:40+00:00","twitter_card":"summary_large_image","twitter_misc":{"Tiempo de lectura":"2 minutos"},"schema":{"@context":"https:\/\/schema.org","@graph":[{"@type":"WebPage","@id":"https:\/\/baiyokeskyhotel.com\/cancellation-refund-policy\/","url":"https:\/\/baiyokeskyhotel.com\/cancellation-refund-policy\/","name":"Pol\u00edtica de cancelaci\u00f3n y reembolso de Triplyn Holidays","isPartOf":{"@id":"https:\/\/baiyokeskyhotel.com\/#website"},"datePublished":"2024-10-18T16:51:08+00:00","dateModified":"2024-10-18T16:58:40+00:00","description":"Revise la pol\u00edtica de cancelaci\u00f3n y reembolso de Baiyoke Sky Hotel. Triplyn Holidays garantiza pautas claras para reservas de boletos y reembolsos.","breadcrumb":{"@id":"https:\/\/baiyokeskyhotel.com\/cancellation-refund-policy\/#breadcrumb"},"inLanguage":"es","potentialAction":[{"@type":"ReadAction","target":["https:\/\/baiyokeskyhotel.com\/cancellation-refund-policy\/"]}]},{"@type":"BreadcrumbList","@id":"https:\/\/baiyokeskyhotel.com\/cancellation-refund-policy\/#breadcrumb","itemListElement":[{"@type":"ListItem","position":1,"name":"Home","item":"https:\/\/baiyokeskyhotel.com\/"},{"@type":"ListItem","position":2,"name":"Cancellation &amp; Refund Policy"}]},{"@type":"WebSite","@id":"https:\/\/baiyokeskyhotel.com\/#website","url":"https:\/\/baiyokeskyhotel.com\/","name":"Hotel Baiyoke Sky","description":"","publisher":{"@id":"https:\/\/baiyokeskyhotel.com\/#organization"},"potentialAction":[{"@type":"SearchAction","target":{"@type":"EntryPoint","urlTemplate":"https:\/\/baiyokeskyhotel.com\/?s={search_term_string}"},"query-input":{"@type":"PropertyValueSpecification","valueRequired":true,"valueName":"search_term_string"}}],"inLanguage":"es"},{"@type":"Organization","@id":"https:\/\/baiyokeskyhotel.com\/#organization","name":"Hotel Baiyoke Sky","url":"https:\/\/baiyokeskyhotel.com\/","logo":{"@type":"ImageObject","inLanguage":"es","@id":"https:\/\/baiyokeskyhotel.com\/#\/schema\/logo\/image\/","url":"https:\/\/baiyokeskyhotel.com\/wp-content\/uploads\/2024\/08\/Baiyoke-Sky-Hotel-1.png","contentUrl":"https:\/\/baiyokeskyhotel.com\/wp-content\/uploads\/2024\/08\/Baiyoke-Sky-Hotel-1.png","width":350,"height":100,"caption":"Baiyoke Sky Hotel"},"image":{"@id":"https:\/\/baiyokeskyhotel.com\/#\/schema\/logo\/image\/"}}]}},"jetpack_sharing_enabled":true,"_links":{"self":[{"href":"https:\/\/baiyokeskyhotel.com\/es\/wp-json\/wp\/v2\/pages\/1265","targetHints":{"allow":["GET"]}}],"collection":[{"href":"https:\/\/baiyokeskyhotel.com\/es\/wp-json\/wp\/v2\/pages"}],"about":[{"href":"https:\/\/baiyokeskyhotel.com\/es\/wp-json\/wp\/v2\/types\/page"}],"author":[{"embeddable":true,"href":"https:\/\/baiyokeskyhotel.com\/es\/wp-json\/wp\/v2\/users\/1"}],"replies":[{"embeddable":true,"href":"https:\/\/baiyokeskyhotel.com\/es\/wp-json\/wp\/v2\/comments?post=1265"}],"version-history":[{"count":4,"href":"https:\/\/baiyokeskyhotel.com\/es\/wp-json\/wp\/v2\/pages\/1265\/revisions"}],"predecessor-version":[{"id":1349,"href":"https:\/\/baiyokeskyhotel.com\/es\/wp-json\/wp\/v2\/pages\/1265\/revisions\/1349"}],"wp:attachment":[{"href":"https:\/\/baiyokeskyhotel.com\/es\/wp-json\/wp\/v2\/media?parent=1265"}],"curies":[{"name":"wp","href":"https:\/\/api.w.org\/{rel}","templated":true}]}}