{"id":1265,"date":"2024-10-18T22:21:08","date_gmt":"2024-10-18T16:51:08","guid":{"rendered":"https:\/\/baiyokeskyhotel.com\/?page_id=1265"},"modified":"2024-10-18T22:28:40","modified_gmt":"2024-10-18T16:58:40","slug":"cancellation-refund-policy","status":"publish","type":"page","link":"https:\/\/baiyokeskyhotel.com\/de\/stornierungsbedingungen-fur-ruckerstattungen\/","title":{"rendered":"Stornierungs- und R\u00fcckerstattungsbedingungen"},"content":{"rendered":"<div data-elementor-type=\"wp-page\" data-elementor-id=\"1265\" class=\"elementor elementor-1265\" data-elementor-post-type=\"page\">\n\t\t\t\t\t\t<section data-particle_enable=\"false\" data-particle-mobile-disabled=\"false\" class=\"elementor-section elementor-top-section elementor-element elementor-element-627d279 elementor-section-boxed elementor-section-height-default elementor-section-height-default\" data-id=\"627d279\" data-element_type=\"section\" data-e-type=\"section\">\n\t\t\t\t\t\t<div class=\"elementor-container elementor-column-gap-default\">\n\t\t\t\t\t<div class=\"elementor-column elementor-col-100 elementor-top-column elementor-element elementor-element-42054a4\" data-id=\"42054a4\" data-element_type=\"column\" data-e-type=\"column\">\n\t\t\t<div class=\"elementor-widget-wrap elementor-element-populated\">\n\t\t\t\t\t\t<div class=\"elementor-element elementor-element-db3b7d8 elementor-widget elementor-widget-text-editor\" data-id=\"db3b7d8\" data-element_type=\"widget\" data-e-type=\"widget\" data-widget_type=\"text-editor.default\">\n\t\t\t\t<div class=\"elementor-widget-container\">\n\t\t\t\t\t\t\t\t\t<h1 style=\"text-align: center;\"><span style=\"color: #000000;\">Stornierungs- und R\u00fcckerstattungsbedingungen \u2013 Baiyoke Sky Hotel<\/span><\/h1><p><span style=\"color: #000000;\">Im Baiyoke Sky Hotel, das von Triplyn Holidays betrieben wird, bem\u00fchen wir uns, unseren Kunden ein nahtloses Erlebnis zu bieten. Bitte beachten Sie, dass alle Ticketverk\u00e4ufe f\u00fcr das Baiyoke Sky Buffet endg\u00fcltig sind und wir keine Stornierungen oder R\u00fcckerstattungen anbieten.<\/span><\/p><h2><span style=\"color: #000000;\">1. Allgemeine Bestimmungen<\/span><\/h2><ul><li><span style=\"color: #000000;\"><strong>Endg\u00fcltiger Verkauf:<\/strong> Alle K\u00e4ufe von <a href=\"https:\/\/baiyokeskyhotel.com\/de\/\">Baiyoke-Himmelsbuffet<\/a> Tickets sind nicht erstattungsf\u00e4hig und k\u00f6nnen nicht storniert werden. Wir empfehlen Ihnen, Ihre Buchungsdetails zu best\u00e4tigen, bevor Sie Ihren Kauf abschlie\u00dfen.<\/span><\/li><\/ul><h2><span style=\"color: #000000;\">2. Nicht erstattungsf\u00e4hige Tickets<\/span><\/h2><ul><li><span style=\"color: #000000;\"><strong>Ticketbedingungen:<\/strong> Alle f\u00fcr das Baiyoke Sky Buffet verkauften Tickets sind nicht erstattungsf\u00e4hig, auch die w\u00e4hrend der Aktionszeitr\u00e4ume gekauften. Diese Information wird zum Zeitpunkt des Kaufs deutlich angezeigt. Bitte lesen Sie die mit Ihrem Ticket verbundenen Bedingungen, bevor Sie Ihre Buchung abschlie\u00dfen.<\/span><\/li><\/ul><h2><span style=\"color: #000000;\">3. Nichterscheinen und Stornierungen am selben Tag<\/span><\/h2><ul><li><span style=\"color: #000000;\"><strong>Richtlinie f\u00fcr Nichterscheinen:<\/strong> Wenn Sie zu Ihrem geplanten Besuch nicht erscheinen oder am Tag Ihres Besuchs absagen, erfolgt keine R\u00fcckerstattung. Wir empfehlen Ihnen, Ihren Besuch sicherzustellen, da wir nach der Best\u00e4tigung der Buchung keine \u00c4nderungen mehr ber\u00fccksichtigen k\u00f6nnen.<\/span><\/li><\/ul><h2><span style=\"color: #000000;\">4. Kontaktinformationen<\/span><\/h2><p><span style=\"color: #000000;\">Bei Fragen zu Ihrer Buchung kontaktieren Sie uns bitte unter:<\/span><\/p><ul><li><span style=\"color: #000000;\"><strong>E-Mail:<\/strong> <a style=\"color: #000000;\" href=\"mailto:contact@baiyokeskyhotel.com\" rel=\"noopener\">contact@baiyokeskyhotel.com<\/a><\/span><\/li><li><span style=\"color: #000000;\"><strong>Webseite:<\/strong> Besuchen Sie uns <a style=\"color: #000000;\" href=\"https:\/\/baiyokeskyhotel.com\/de\/\" target=\"_new\" rel=\"noopener\">www.baiyokeskyhotel.com<\/a><\/span><\/li><\/ul><p><span style=\"color: #000000;\">Wir bem\u00fchen uns, alle Anfragen innerhalb von 24 Stunden zu beantworten.<\/span><\/p><h2><span style=\"color: #000000;\">5. \u00c4nderungen der Richtlinie<\/span><\/h2><p><span style=\"color: #000000;\"><a href=\"https:\/\/baiyokeskyhotel.com\/de\/\">Baiyoke Sky Hotel<\/a> beh\u00e4lt sich das Recht vor, diese Stornierungs- und R\u00fcckerstattungsrichtlinie jederzeit zu aktualisieren oder zu \u00e4ndern. Alle \u00c4nderungen werden auf unserer Website ver\u00f6ffentlicht und es liegt in Ihrer Verantwortung, die Richtlinie regelm\u00e4\u00dfig zu \u00fcberpr\u00fcfen.<\/span><\/p>\t\t\t\t\t\t\t\t<\/div>\n\t\t\t\t<\/div>\n\t\t\t\t\t<\/div>\n\t\t<\/div>\n\t\t\t\t\t<\/div>\n\t\t<\/section>\n\t\t\t\t<\/div>","protected":false},"excerpt":{"rendered":"<p>Cancellation &amp; Refund Policy \u2013 Baiyoke Sky Hotel At Baiyoke Sky Hotel, operated by Triplyn Holidays, we strive to provide a seamless experience for our customers. Please be aware that all ticket sales for Baiyoke Sky Buffet are final, and we do not offer cancellations or refunds. 1. General Policy Final Sales: All purchases of [&hellip;]<\/p>\n","protected":false},"author":1,"featured_media":0,"parent":0,"menu_order":0,"comment_status":"closed","ping_status":"closed","template":"","meta":{"ocean_post_layout":"","ocean_both_sidebars_style":"","ocean_both_sidebars_content_width":0,"ocean_both_sidebars_sidebars_width":0,"ocean_sidebar":"","ocean_second_sidebar":"","ocean_disable_margins":"enable","ocean_add_body_class":"","ocean_shortcode_before_top_bar":"","ocean_shortcode_after_top_bar":"","ocean_shortcode_before_header":"","ocean_shortcode_after_header":"","ocean_has_shortcode":"","ocean_shortcode_after_title":"","ocean_shortcode_before_footer_widgets":"","ocean_shortcode_after_footer_widgets":"","ocean_shortcode_before_footer_bottom":"","ocean_shortcode_after_footer_bottom":"","ocean_display_top_bar":"default","ocean_display_header":"default","ocean_header_style":"","ocean_center_header_left_menu":"","ocean_custom_header_template":"","ocean_custom_logo":0,"ocean_custom_retina_logo":0,"ocean_custom_logo_max_width":0,"ocean_custom_logo_tablet_max_width":0,"ocean_custom_logo_mobile_max_width":0,"ocean_custom_logo_max_height":0,"ocean_custom_logo_tablet_max_height":0,"ocean_custom_logo_mobile_max_height":0,"ocean_header_custom_menu":"","ocean_menu_typo_font_family":"","ocean_menu_typo_font_subset":"","ocean_menu_typo_font_size":0,"ocean_menu_typo_font_size_tablet":0,"ocean_menu_typo_font_size_mobile":0,"ocean_menu_typo_font_size_unit":"px","ocean_menu_typo_font_weight":"","ocean_menu_typo_font_weight_tablet":"","ocean_menu_typo_font_weight_mobile":"","ocean_menu_typo_transform":"","ocean_menu_typo_transform_tablet":"","ocean_menu_typo_transform_mobile":"","ocean_menu_typo_line_height":0,"ocean_menu_typo_line_height_tablet":0,"ocean_menu_typo_line_height_mobile":0,"ocean_menu_typo_line_height_unit":"","ocean_menu_typo_spacing":0,"ocean_menu_typo_spacing_tablet":0,"ocean_menu_typo_spacing_mobile":0,"ocean_menu_typo_spacing_unit":"","ocean_menu_link_color":"","ocean_menu_link_color_hover":"","ocean_menu_link_color_active":"","ocean_menu_link_background":"","ocean_menu_link_hover_background":"","ocean_menu_link_active_background":"","ocean_menu_social_links_bg":"","ocean_menu_social_hover_links_bg":"","ocean_menu_social_links_color":"","ocean_menu_social_hover_links_color":"","ocean_disable_title":"default","ocean_disable_heading":"default","ocean_post_title":"","ocean_post_subheading":"","ocean_post_title_style":"","ocean_post_title_background_color":"","ocean_post_title_background":0,"ocean_post_title_bg_image_position":"","ocean_post_title_bg_image_attachment":"","ocean_post_title_bg_image_repeat":"","ocean_post_title_bg_image_size":"","ocean_post_title_height":0,"ocean_post_title_bg_overlay":0.5,"ocean_post_title_bg_overlay_color":"","ocean_disable_breadcrumbs":"default","ocean_breadcrumbs_color":"","ocean_breadcrumbs_separator_color":"","ocean_breadcrumbs_links_color":"","ocean_breadcrumbs_links_hover_color":"","ocean_display_footer_widgets":"default","ocean_display_footer_bottom":"default","ocean_custom_footer_template":"","footnotes":""},"class_list":["post-1265","page","type-page","status-publish","hentry","entry","owp-thumbs-layout-horizontal","owp-btn-normal","owp-tabs-layout-horizontal","has-no-thumbnails","has-product-nav"],"yoast_head":"<!-- This site is optimized with the Yoast SEO plugin v27.3 - https:\/\/yoast.com\/product\/yoast-seo-wordpress\/ -->\n<title>Cancellation And Refund Policy By Triplyn Holidays<\/title>\n<meta name=\"description\" content=\"Review The Cancellation And Refund Policy For Baiyoke Sky Hotel. Triplyn Holidays Ensures Clear Guidelines For Ticket Bookings And Refunds.\" \/>\n<meta name=\"robots\" content=\"noindex, follow\" \/>\n<meta property=\"og:locale\" content=\"de_DE\" \/>\n<meta property=\"og:type\" content=\"article\" \/>\n<meta property=\"og:title\" content=\"Cancellation And Refund Policy By Triplyn Holidays\" \/>\n<meta property=\"og:description\" content=\"Review The Cancellation And Refund Policy For Baiyoke Sky Hotel. Triplyn Holidays Ensures Clear Guidelines For Ticket Bookings And Refunds.\" \/>\n<meta property=\"og:url\" content=\"https:\/\/baiyokeskyhotel.com\/de\/stornierungsbedingungen-fur-ruckerstattungen\/\" \/>\n<meta property=\"og:site_name\" content=\"Baiyoke Sky Hotel\" \/>\n<meta property=\"article:modified_time\" content=\"2024-10-18T16:58:40+00:00\" \/>\n<meta name=\"twitter:card\" content=\"summary_large_image\" \/>\n<meta name=\"twitter:label1\" content=\"Gesch\u00e4tzte Lesezeit\" \/>\n\t<meta name=\"twitter:data1\" content=\"2\u00a0Minuten\" \/>\n<script type=\"application\/ld+json\" class=\"yoast-schema-graph\">{\"@context\":\"https:\\\/\\\/schema.org\",\"@graph\":[{\"@type\":\"WebPage\",\"@id\":\"https:\\\/\\\/baiyokeskyhotel.com\\\/cancellation-refund-policy\\\/\",\"url\":\"https:\\\/\\\/baiyokeskyhotel.com\\\/cancellation-refund-policy\\\/\",\"name\":\"Cancellation And Refund Policy By Triplyn Holidays\",\"isPartOf\":{\"@id\":\"https:\\\/\\\/baiyokeskyhotel.com\\\/#website\"},\"datePublished\":\"2024-10-18T16:51:08+00:00\",\"dateModified\":\"2024-10-18T16:58:40+00:00\",\"description\":\"Review The Cancellation And Refund Policy For Baiyoke Sky Hotel. Triplyn Holidays Ensures Clear Guidelines For Ticket Bookings And Refunds.\",\"breadcrumb\":{\"@id\":\"https:\\\/\\\/baiyokeskyhotel.com\\\/cancellation-refund-policy\\\/#breadcrumb\"},\"inLanguage\":\"de\",\"potentialAction\":[{\"@type\":\"ReadAction\",\"target\":[\"https:\\\/\\\/baiyokeskyhotel.com\\\/cancellation-refund-policy\\\/\"]}]},{\"@type\":\"BreadcrumbList\",\"@id\":\"https:\\\/\\\/baiyokeskyhotel.com\\\/cancellation-refund-policy\\\/#breadcrumb\",\"itemListElement\":[{\"@type\":\"ListItem\",\"position\":1,\"name\":\"Home\",\"item\":\"https:\\\/\\\/baiyokeskyhotel.com\\\/\"},{\"@type\":\"ListItem\",\"position\":2,\"name\":\"Cancellation &amp; Refund Policy\"}]},{\"@type\":\"WebSite\",\"@id\":\"https:\\\/\\\/baiyokeskyhotel.com\\\/#website\",\"url\":\"https:\\\/\\\/baiyokeskyhotel.com\\\/\",\"name\":\"Baiyoke Sky Hotel\",\"description\":\"\",\"publisher\":{\"@id\":\"https:\\\/\\\/baiyokeskyhotel.com\\\/#organization\"},\"potentialAction\":[{\"@type\":\"SearchAction\",\"target\":{\"@type\":\"EntryPoint\",\"urlTemplate\":\"https:\\\/\\\/baiyokeskyhotel.com\\\/?s={search_term_string}\"},\"query-input\":{\"@type\":\"PropertyValueSpecification\",\"valueRequired\":true,\"valueName\":\"search_term_string\"}}],\"inLanguage\":\"de\"},{\"@type\":\"Organization\",\"@id\":\"https:\\\/\\\/baiyokeskyhotel.com\\\/#organization\",\"name\":\"Baiyoke Sky Hotel\",\"url\":\"https:\\\/\\\/baiyokeskyhotel.com\\\/\",\"logo\":{\"@type\":\"ImageObject\",\"inLanguage\":\"de\",\"@id\":\"https:\\\/\\\/baiyokeskyhotel.com\\\/#\\\/schema\\\/logo\\\/image\\\/\",\"url\":\"https:\\\/\\\/baiyokeskyhotel.com\\\/wp-content\\\/uploads\\\/2024\\\/08\\\/Baiyoke-Sky-Hotel-1.png\",\"contentUrl\":\"https:\\\/\\\/baiyokeskyhotel.com\\\/wp-content\\\/uploads\\\/2024\\\/08\\\/Baiyoke-Sky-Hotel-1.png\",\"width\":350,\"height\":100,\"caption\":\"Baiyoke Sky Hotel\"},\"image\":{\"@id\":\"https:\\\/\\\/baiyokeskyhotel.com\\\/#\\\/schema\\\/logo\\\/image\\\/\"}}]}<\/script>\n<!-- \/ Yoast SEO plugin. -->","yoast_head_json":{"title":"Stornierungs- und R\u00fcckerstattungsbedingungen von Triplyn Holidays","description":"Lesen Sie die Stornierungs- und R\u00fcckerstattungsrichtlinien f\u00fcr das Baiyoke Sky Hotel. Triplyn Holidays sorgt f\u00fcr klare Richtlinien f\u00fcr Ticketbuchungen und R\u00fcckerstattungen.","robots":{"index":"noindex","follow":"follow"},"og_locale":"de_DE","og_type":"article","og_title":"Cancellation And Refund Policy By Triplyn Holidays","og_description":"Review The Cancellation And Refund Policy For Baiyoke Sky Hotel. Triplyn Holidays Ensures Clear Guidelines For Ticket Bookings And Refunds.","og_url":"https:\/\/baiyokeskyhotel.com\/de\/stornierungsbedingungen-fur-ruckerstattungen\/","og_site_name":"Baiyoke Sky Hotel","article_modified_time":"2024-10-18T16:58:40+00:00","twitter_card":"summary_large_image","twitter_misc":{"Gesch\u00e4tzte Lesezeit":"2\u00a0Minuten"},"schema":{"@context":"https:\/\/schema.org","@graph":[{"@type":"WebPage","@id":"https:\/\/baiyokeskyhotel.com\/cancellation-refund-policy\/","url":"https:\/\/baiyokeskyhotel.com\/cancellation-refund-policy\/","name":"Stornierungs- und R\u00fcckerstattungsbedingungen von Triplyn Holidays","isPartOf":{"@id":"https:\/\/baiyokeskyhotel.com\/#website"},"datePublished":"2024-10-18T16:51:08+00:00","dateModified":"2024-10-18T16:58:40+00:00","description":"Lesen Sie die Stornierungs- und R\u00fcckerstattungsrichtlinien f\u00fcr das Baiyoke Sky Hotel. Triplyn Holidays sorgt f\u00fcr klare Richtlinien f\u00fcr Ticketbuchungen und R\u00fcckerstattungen.","breadcrumb":{"@id":"https:\/\/baiyokeskyhotel.com\/cancellation-refund-policy\/#breadcrumb"},"inLanguage":"de","potentialAction":[{"@type":"ReadAction","target":["https:\/\/baiyokeskyhotel.com\/cancellation-refund-policy\/"]}]},{"@type":"BreadcrumbList","@id":"https:\/\/baiyokeskyhotel.com\/cancellation-refund-policy\/#breadcrumb","itemListElement":[{"@type":"ListItem","position":1,"name":"Home","item":"https:\/\/baiyokeskyhotel.com\/"},{"@type":"ListItem","position":2,"name":"Cancellation &amp; Refund Policy"}]},{"@type":"WebSite","@id":"https:\/\/baiyokeskyhotel.com\/#website","url":"https:\/\/baiyokeskyhotel.com\/","name":"Baiyoke Sky Hotel","description":"","publisher":{"@id":"https:\/\/baiyokeskyhotel.com\/#organization"},"potentialAction":[{"@type":"SearchAction","target":{"@type":"EntryPoint","urlTemplate":"https:\/\/baiyokeskyhotel.com\/?s={search_term_string}"},"query-input":{"@type":"PropertyValueSpecification","valueRequired":true,"valueName":"search_term_string"}}],"inLanguage":"de"},{"@type":"Organization","@id":"https:\/\/baiyokeskyhotel.com\/#organization","name":"Baiyoke Sky Hotel","url":"https:\/\/baiyokeskyhotel.com\/","logo":{"@type":"ImageObject","inLanguage":"de","@id":"https:\/\/baiyokeskyhotel.com\/#\/schema\/logo\/image\/","url":"https:\/\/baiyokeskyhotel.com\/wp-content\/uploads\/2024\/08\/Baiyoke-Sky-Hotel-1.png","contentUrl":"https:\/\/baiyokeskyhotel.com\/wp-content\/uploads\/2024\/08\/Baiyoke-Sky-Hotel-1.png","width":350,"height":100,"caption":"Baiyoke Sky Hotel"},"image":{"@id":"https:\/\/baiyokeskyhotel.com\/#\/schema\/logo\/image\/"}}]}},"jetpack_sharing_enabled":true,"_links":{"self":[{"href":"https:\/\/baiyokeskyhotel.com\/de\/wp-json\/wp\/v2\/pages\/1265","targetHints":{"allow":["GET"]}}],"collection":[{"href":"https:\/\/baiyokeskyhotel.com\/de\/wp-json\/wp\/v2\/pages"}],"about":[{"href":"https:\/\/baiyokeskyhotel.com\/de\/wp-json\/wp\/v2\/types\/page"}],"author":[{"embeddable":true,"href":"https:\/\/baiyokeskyhotel.com\/de\/wp-json\/wp\/v2\/users\/1"}],"replies":[{"embeddable":true,"href":"https:\/\/baiyokeskyhotel.com\/de\/wp-json\/wp\/v2\/comments?post=1265"}],"version-history":[{"count":4,"href":"https:\/\/baiyokeskyhotel.com\/de\/wp-json\/wp\/v2\/pages\/1265\/revisions"}],"predecessor-version":[{"id":1349,"href":"https:\/\/baiyokeskyhotel.com\/de\/wp-json\/wp\/v2\/pages\/1265\/revisions\/1349"}],"wp:attachment":[{"href":"https:\/\/baiyokeskyhotel.com\/de\/wp-json\/wp\/v2\/media?parent=1265"}],"curies":[{"name":"wp","href":"https:\/\/api.w.org\/{rel}","templated":true}]}}